{"id":9,"date":"2015-06-30T14:42:47","date_gmt":"2015-06-30T13:42:47","guid":{"rendered":"http:\/\/localhost\/Balmardi\/?page_id=9"},"modified":"2026-05-01T13:33:00","modified_gmt":"2026-05-01T12:33:00","slug":"broye","status":"publish","type":"page","link":"https:\/\/balmardi.ch\/index.php\/broye\/","title":{"rendered":"Broye"},"content":{"rendered":"<h3>Parcours dans le district de la Broye:<\/h3>\n<p><a href=\"https:\/\/balmardi.ch\/\">Ch\u00e2tillon FR Ch\u00e2bles FR Cheyres (28.04.2026: Eo Hu Ja Jc Mo Ni Yv)<\/a><\/p>\n<p><a href=\"https:\/\/balmardi.ch\/index.php\/cheyres-arrissoules-chavannes-le-chene-murist-la-vounaise-16-08-2016-an-hu-jf-ni\/\">Cheyres Arrissoules Chavannes le ch\u00eane Murist la Vounaise (08.08.2023: An Ch Hu Jm Ni Sy Xa u Yv; 16.08.2016: An Hu Jf Ni)<\/a><\/p>\n<p><a href=\"https:\/\/balmardi.ch\/index.php\/250527_cugy-menieres-aumont-27-05-2025-ja-jc-jm-ma-mo-ni-ro-yo16080m-376m-4h06\/\">Cugy Meni\u00e8res Aumont (27.05.2025: Ja Jc Jm Ma Mo Ni Ro Yo)<\/a><\/p>\n<p><a href=\"http:\/\/balmardi.ch\/index.php\/donatyre-oleyres-russy-dompierre-domdidier-avenches-09-09-2014-an-el-hu-ja-ma-mo-ni\/\">Donatyre Oleyres Russy Dompierre Domdidier Avenches (20.03.2018: An El Hu Ma Mo Ni Yv; 09.09.2014: An El Hu Ja Ma Mo Ni)<\/a><\/p>\n<p><a href=\"http:\/\/balmardi.ch\/index.php\/donatyre-russy-14-08-2018-an-ni-yv-donatyre-oleyres-court-el-hu-ma-mr\/\">Donatyre Russy (14.08.2018: An Ni Yv); Donatyre Oleyres court (El Hu Ma Mr)<\/a><\/p>\n<p><a href=\"https:\/\/balmardi.ch\/index.php\/estavayer-chatillon-bollion-seiry-mussillens-lully-28-06-2016-el-hu-ja-jf-ma-mo-ni\/\">Estavayer Ch\u00e2tillon Bollion Seiry Mussillens Lully (01.02.2022: An Hu Ja Jc Jf Ma Mi Mo Ni Ro Xa Yo Yv; 28.06.2016: El Hu Ja Jf Ma Mo Ni)<\/a><\/p>\n<p><a href=\"http:\/\/balmardi.ch\/index.php\/estavayer-cheyres-30-3-2011-el-hu-ni\/\">Estavayer Cheyres (28.04.2020: Ch Hu Ni Ox Yv; 30.3.2011: El Hu Ni)<\/a><\/p>\n<p><a href=\"http:\/\/balmardi.ch\/index.php\/estavayer-font-cheyres-07-01-2014-an-ma-mo-ni-ro\/\">Estavayer Font Cheyres (07.01.2014: An Ma Mo Ni Ro)<\/a><\/p>\n<p><a href=\"http:\/\/balmardi.ch\/index.php\/estavayer-lully-cheyres-11-06-2019-el-hu-ma-mo-ni-xa-yv\/\"><span class=\"item-title\">Estavayer Lully Cheyres (11.06.2019: El Hu Ma Mo Ni Xa Yv)<\/span><\/a><\/p>\n<p><a href=\"http:\/\/balmardi.ch\/index.php\/grandsivaz-mannens-montagny-les-monts-villarey-vers-chez-perrin-30-12-2014-el-hu-ma-mo-ni-ro\/\">Grandsivaz Mannens Montagny les Monts Villarey Vers chez Perrin (30.12.2014: El Hu Ma Mo Ni Ro)<\/a><\/p>\n<p><a href=\"https:\/\/balmardi.ch\/index.php\/moliere\/\">Granges Vesin Murist Moli\u00e8re (21.10.2025: El Ei+1 Gi Hu Jm Ma Mi Mo Ni Xa)<\/a><\/p>\n<p><a href=\"http:\/\/balmardi.ch\/\">Lechelles Russy Dompierre (10.09.2019: CH El Hu Ja Jf Ma Mo Ni Ox xa Yv; 14.10.2014: Hu Ja Ma Mo Ni)<\/a><\/p>\n<p><span class=\"item-title\"><a href=\"http:\/\/balmardi.ch\/index.php\/les-arbognes-payerne-20-3-2012-et-16-6-2015-el\/\">Les Arbognes Payerne Corcelles Montagny (14.07.2021: El Hu Ja Jf Jc Ma Mi Mo Mr Ni Ox Ro Sy Xa Yo; 16.06.2015: An El Ni; 20.3.2012: Hu Ni)<\/a><\/span><\/p>\n<p><a href=\"http:\/\/balmardi.ch\/index.php\/lucens-praratoud-forel-15-05-2012-ed-hu-ni-ro\/\">Lucens Praratoud Forel (06.11.2018: An El Hu Ja Jf Ma Mo Mr Ni Xa Yv; 15.05.2012: Ed Hu Ni Ro)<\/a><\/p>\n<p><a href=\"https:\/\/balmardi.ch\/\">Lucens Neyruz Prevondavaux (02.01.2024: Jm Ni Sy Xa; 31.10.2017: An Hu Jf Ni Ro)<\/a><\/p>\n<p><a href=\"http:\/\/balmardi.ch\/index.php\/lucens-praratoud-neyruz-prevondavaux-25-01-2012-hu-ni\/\">Lucens Praratoud Neyruz Pr\u00e9vondavaux (25.01.2012: Hu Ni)<\/a><\/p>\n<p><a href=\"http:\/\/balmardi.ch\/index.php\/lucens-tour-de-15-09-2020-an-ch-el-hu-ja-jf-ma-ni-ox-yv\/\">Lucens tour de (15.09.2020: An Ch El Hu Ja Jf Ma Ni Ox Yv)<\/a><\/p>\n<p><a href=\"http:\/\/balmardi.ch\/index.php\/marnant-coumin-chapelle-16-01-2013-ed-hu-ni-ro\/\">Marnand Coumin Chapelle (30.05.2017: An Ja Ma Mo Ni; 16.01.2013: Ed Hu Ni Ro)<\/a><\/p>\n<p><a href=\"http:\/\/balmardi.ch\/index.php\/montet-nuvilly-la-moliere-19-09-2017-an-el-hu-ja-ni-xa\/\">Montet Nuvilly la Moliere (19.09.2017: An El Hu Ja Ni Xa)<\/a><\/p>\n<p><a href=\"http:\/\/balmardi.ch\/index.php\/montet-tour-de-la-moliere-la-vounaise-07-04-2020-hu-ni-yv\/\"><span class=\"item-title\">Montet tour de la Moli\u00e8re la Vounaise (07.04.2020: Hu Ni Yv)<\/span><\/a><\/p>\n<p><a href=\"http:\/\/balmardi.ch\/index.php\/murist-nuvilly-champtauroz-30-04-2013-hu-ni\/\">Murist Nuvilly Champtauroz (08.03.2016: El Hu Jf Ma Mo Ni; 30.04.2013: Hu Ni)<\/a><\/p>\n<p><a href=\"http:\/\/balmardi.ch\/index.php\/nuvilly-combremont-cheiry-02-05-2017-an-el-hu-ja-ma-mo-ni\/\">Nuvilly Combremont Cheiry (02.05.2017: An El Hu Ja Ma Mo Ni)<\/a><\/p>\n<p><a href=\"https:\/\/balmardi.ch\/index.php\/payerne-les-arbognes-23-11-2021-el-hu-ja-jf-jc-ma-mi-mo-mr-ox-ro-xa-yu\/\">Payerne les Arbognes (23.11.2021: El Hu Ja Jf Jc Ma Mi Mo Mr Ni Ox Ro Xa Yu)<\/a><\/p>\n<p><a href=\"http:\/\/balmardi.ch\/index.php\/prevondavaud-combremont-cheiry-12-08-2014-an-el-hu-ja-ma-mo-ni-ro-xa\/\">Pr\u00e9vondavaud Combremont Cheiry (24.09.2019: An Cl Ja Ma Mo Ni Yv; 12.08.2014: An El Hu Ja Ma Mo Ni Ro Xa)<\/a><\/p>\n<p><a href=\"https:\/\/balmardi.ch\/index.php\/salavaux-constantine-chabrey-cudrefin-montet-vallamand-bellerive-17-04-2012-ed-hu-ni\/\">Salavaux Constantine Chabrey Cudrefin Montet Vallamand Bellerive (28.12.2021: An El Eo Hu Jm Ma Mo Ni Ro Xa Yo; 17.04.2012: Ed Hu Ni; 06.10.2015: An El Ja Ma Ni)<\/a><\/p>\n<p><a href=\"https:\/\/balmardi.ch\/index.php\/torny-le-petit-fetigny-trey-15-10-2013-ed-hu-ni-ro\/\">Torny le petit F\u00e9tigny Trey (18.03.2025: El Gi Hu Ja Jc Jm Ma Mi Mo Ni No Ro Sy Yo Yv; 26.09.2017: An Ja Jf Ni Sy Xa; 15.10.2013: Ed Hu Ni Ro)<\/a><\/p>\n<p><a href=\"http:\/\/balmardi.ch\/index.php\/tour-de-la-moliere-long-nic-ro\/\">Tour de la Moli\u00e8re long (8.4.2014: Ni Ro)<\/a><\/p>\n<p><a href=\"http:\/\/balmardi.ch\/index.php\/vesin-aumont-nuvilly-sassel-menieres-20-06-2012-hu-ni\/\"><span class=\"item-title\">Vesin Aumont Nuvilly Sassel M\u00e9ni\u00e8res (02.06.2020: An Ch El Ja Ma Mo Ni Ox Xa Yv; 13.10.2015: An Ni; 20.06.2012: Hu Ni)<\/span><\/a><\/p>\n<p><a href=\"https:\/\/balmardi.ch\/\">Villeneuve Surpierre Praratoud Cheiry (26.04.2022: Eo EL Hu Jf +2 Ma Mi Mo Mr Ni Yo Yv; 31.03.2015: El Hu Ma Mo Ni)<\/a><\/p>\n<p><a href=\"https:\/\/balmardi.ch\/index.php\/yvonand-train13h24-estavayer-230926-ch-el-ma-hu-ni-yv\/\">Yvonand train13h24 Estavayer (230926: Ch El Ma Hu Ni Yv)<\/a><\/p>\n","protected":false},"excerpt":{"rendered":"<p>Parcours dans le district de la Broye: Ch\u00e2tillon FR Ch\u00e2bles FR Cheyres (28.04.2026: Eo Hu Ja Jc Mo Ni Yv) Cheyres Arrissoules Chavannes le ch\u00eane Murist la Vounaise (08.08.2023: An Ch Hu Jm Ni Sy Xa u Yv; 16.08.2016: An Hu Jf Ni) Cugy Meni\u00e8res Aumont (27.05.2025: Ja Jc Jm Ma Mo Ni Ro Yo) &hellip; <a href=\"https:\/\/balmardi.ch\/index.php\/broye\/\" class=\"more-link\">Continuer la lecture de <span class=\"screen-reader-text\">Broye<\/span>  <span class=\"meta-nav\">&rarr;<\/span><\/a><\/p>\n","protected":false},"author":1,"featured_media":0,"parent":0,"menu_order":0,"comment_status":"closed","ping_status":"open","template":"","meta":{"two_page_speed":[],"footnotes":""},"class_list":["post-9","page","type-page","status-publish","hentry"],"_links":{"self":[{"href":"https:\/\/balmardi.ch\/index.php\/wp-json\/wp\/v2\/pages\/9","targetHints":{"allow":["GET"]}}],"collection":[{"href":"https:\/\/balmardi.ch\/index.php\/wp-json\/wp\/v2\/pages"}],"about":[{"href":"https:\/\/balmardi.ch\/index.php\/wp-json\/wp\/v2\/types\/page"}],"author":[{"embeddable":true,"href":"https:\/\/balmardi.ch\/index.php\/wp-json\/wp\/v2\/users\/1"}],"replies":[{"embeddable":true,"href":"https:\/\/balmardi.ch\/index.php\/wp-json\/wp\/v2\/comments?post=9"}],"version-history":[{"count":69,"href":"https:\/\/balmardi.ch\/index.php\/wp-json\/wp\/v2\/pages\/9\/revisions"}],"predecessor-version":[{"id":11836,"href":"https:\/\/balmardi.ch\/index.php\/wp-json\/wp\/v2\/pages\/9\/revisions\/11836"}],"wp:attachment":[{"href":"https:\/\/balmardi.ch\/index.php\/wp-json\/wp\/v2\/media?parent=9"}],"curies":[{"name":"wp","href":"https:\/\/api.w.org\/{rel}","templated":true}]}}