{"id":60,"date":"2015-06-30T16:23:26","date_gmt":"2015-06-30T15:23:26","guid":{"rendered":"http:\/\/localhost\/Balmardi\/?page_id=60"},"modified":"2025-09-10T12:45:34","modified_gmt":"2025-09-10T11:45:34","slug":"glane","status":"publish","type":"page","link":"https:\/\/balmardi.ch\/index.php\/glane\/","title":{"rendered":"Gl\u00e2ne"},"content":{"rendered":"<h3>Parcours dans le district de la Gl\u00e2ne:<\/h3>\n<p><a href=\"http:\/\/balmardi.ch\/index.php\/auborange-ecublens-mezieres-12-09-2012-hu-ni\/\">Auborange Ecublens M\u00e9zi\u00e8res (15.11.2016: An El Hu Ja Jf Ma Mo Ni Ro; 12.09.2012: Hu Ni)<\/a><\/p>\n<p><a href=\"http:\/\/balmardi.ch\/index.php\/berlens-villaraboud-vuisternens-romont-04-06-2013-el-hu-ni\/\">Berlens Villaraboud Vuisternens Romont (14.05.2019: El Hu Ni Xa; 04.06.2013: El Hu Ni)<\/a><\/p>\n<p><a href=\"https:\/\/balmardi.ch\/index.php\/billens-curtilles-27-04-2021-an-hu-ja-jf-ma-mi-mo-ni-ox-ro-xa-yo-yv\/\" data-rich-text-format-boundary=\"true\">Billens Curtilles (27.04.2021: An El Hu Ja Jf Ma Mi Mo Ni Ox Ro Xa Yo Yv)<\/a><\/p>\n<p><a href=\"https:\/\/balmardi.ch\/index.php\/romont-lucent-3-8-2011-el-hu-ni\/\">Billens Curtilles Seigneux (3.06.2025: El Eo Hu Ja Jc Jm Ma Mi Mo Ni Ro Sy Yv; Romont Lucens: 3.8.2011: El Hu Ni)<\/a><\/p>\n<p><a href=\"http:\/\/balmardi.ch\/\"><span class=\"item-title\">Billens Seigneux (26.02.2019: An El Hu Ja Ma Mo Ni Xa; 11.10.2016: An Ma Mo Ni Ro)<\/span><\/a><code class=\"block-editor-rich-text__editable rich-text\" role=\"textbox\" contenteditable=\"true\" aria-multiline=\"true\" aria-label=\"Code\"><\/code><\/p>\n<p><a href=\"http:\/\/balmardi.ch\/index.php\/bouloz-porsel-larzillier-les-ciernes-14-03-2017-an-cl-el-hu-ja-ma-mo-ni-ro\/\">Bouloz Porsel L\u2019arzillier Les Ciernes (14.03.2017: An Cl El Hu Ja Ma Mo Ni Ro)<\/a><\/p>\n<p><a href=\"https:\/\/balmardi.ch\/index.php\/bouloz-prez-vers-siviriez-18-04-2018-an-el-hu-ma-mo-ni-ro-xa-yv\/\">Bouloz Prez-vers-Siviriez (07.03.2023: Jm Ma Mi Mo Ni Ro Yo Yv; 18.04.2017: An El Hu Ma Mo Ni Ro Xa Yv)<\/a><\/p>\n<p><a href=\"https:\/\/balmardi.ch\/index.php\/chavannes-sous-orsonnens-la-neirigue-25-07-2023-an-hu-jm-ma-mo-ni-ro-yo-xa-yv\/\">Chavannes-sous-Orsonnens La Neirigue (25.07.2023: An Hu Jm Ma Mo Ni Ro Sy Yo Xa Yv)<\/a><\/p>\n<p><a href=\"https:\/\/balmardi.ch\/index.php\/drognens-bus-13h27-ursy-11-03-2025-ja-jm-ma-mi-mo-ni-ro-sy-yv\/\">Drognens bus 13h27 Ursy (11.03.2025: Ja Jm Ma Mi Mo Ni Ro Sy Yv)<\/a><\/p>\n<p><a href=\"http:\/\/balmardi.ch\/index.php\/romont-ferlens-grangettes-mezieres-vitrail-18-02-2014-el-hu-ma-mo-ni\/\">Romont Ferlens Grangettes M\u00e9zi\u00e8res vitrail (180612: An Cl El Hu Ni Xa Yv;18.02.2014: El Hu Ma Mo Ni)<\/a><\/p>\n<p><a href=\"http:\/\/balmardi.ch\/index.php\/hennens-vuarmarens-brenles-esmonts-saute-frontieres-6-12-2011-el-hu-ni\/\">Hennens Vuarmarens Brenles Esmonts Saute fronti\u00e8res (22.05.2018: An El Hu Ja Ma Mo Ni Xa Yv; 6.12.2011: El Hu Ni)<\/a><\/p>\n<p><a href=\"https:\/\/balmardi.ch\/index.php\/middes-trey-chatonnaye-torny-01-06-2021-el-hu-ja-jc-jf-mo-mi-mr-ni-ox-ro-xa-yo-yv\/\" data-rich-text-format-boundary=\"true\">Middes Trey Chatonnaye Torny (01.06.2021: El Hu Ja Jc Jf Mo Mi Mr Ni Ox Ro Xa Yo Yv)<\/a><\/p>\n<p><a href=\"https:\/\/balmardi.ch\/\">Middes Trey Vers chez Perrin (07.06.2022: Ch El Eo Hu Ja Jc Jf Ma Mi Mo Mr Ni Yv)<\/a><\/p>\n<p><a href=\"http:\/\/balmardi.ch\/index.php\/massonens-romanens-8-4-2015-2\/\">Massonnens Romanens (28.07.2020: Jf Ni Ox Xa; 28.4.2015: El Hu Ma Mo Ni Ro)<\/a><\/p>\n<p><a href=\"https:\/\/balmardi.ch\/\">Romanens Grangettes Vuist-Romont (10.05.2022: Ch El Hu Jc Jf Ma Mi Mo Mr Ni Yo Yv; 25.03.2013: Hu Ni Ro)<\/a><\/p>\n<p><a href=\"http:\/\/balmardi.ch\/index.php\/romont-lussy-villarzel-17-12-2013-ed-el-hu-mo-ni\/\">Romont Lussy Villarzel (27.11.2018: An Ja Jf Ma Mo Ni Xa; 17.12.2013: Ed El Hu Mo Ni)<\/a><\/p>\n<p><a href=\"https:\/\/balmardi.ch\/index.php\/romont-sales-12-12-2023-ja-jc-ni-yv\/\">Romont S\u00e2les (12.12.2023: Ja Jc Ni Yv)<\/a><\/p>\n<p><a href=\"http:\/\/balmardi.ch\/index.php\/romont-tour-de-07-01-2020-ch-ja-jf-ni-xa-yv\/\">Romont tour de (07.01.2020: Ch Ja Jf Ni Xa Yv)<\/a><\/p>\n<p><a href=\"http:\/\/balmardi.ch\/index.php\/rue-mossel-porsel-pont-promasens-17-01-2012-el-hu-ni\/\">Rue Mossel Porsel Pont Promasens (13.08.2019: An El Hu Ja Jc Jf Ma Ml Mo Ni Sy Yv; 17.01.2012: El Hu Ni)<\/a><\/p>\n<p><a href=\"https:\/\/balmardi.ch\/index.php\/rue-vauderens-pont-chapelle-promasens-ni-ro\/\">Rue Vauderens Pont Chapelle Promasens (08.02.2022: An Ch El Hu Jf Ma Mo Ni Ro Xa Yo Yv; 07.05.2014: Ni Ro)<\/a><\/p>\n<p><a href=\"https:\/\/balmardi.ch\/\">Sales Sommentier Mezieres (02.09.2025: Ch Hu Ja Jc Jm Ma Mi Mo Ni Ro Sy Yv)<\/a><\/p>\n<p><a href=\"https:\/\/balmardi.ch\/index.php\/sedeilles-villars-bramard-19-08-2025-gi-hu-ja-jc-jm-ma-mo-ni-sy-xa-yv\/\">Sedeilles Villars-Bramard (19.08.2025: Gi Hu Ja Jc Jm Ma Mo Ni Sy Xa Yv)<\/a><\/p>\n<p><a href=\"http:\/\/balmardi.ch\/\">Siviriez Chavannes les forts le Rafour (16.06.2020: An El Ja Ma Mo Ni ox Xa; 03.12.2013: Ed El Hu Ma Mo Ni Ro)<\/a><\/p>\n<p><a href=\"https:\/\/balmardi.ch\/\">Torny-le-petit Trey Vers-chez-Perrin (09.01.2024: Eo Ja Jc Jm Mo Ni Ro Yo Yv)<\/a><\/p>\n<p><a href=\"http:\/\/balmardi.ch\/index.php\/villarimboud-mides-6-4-2011-el-hu-ni\/\"><span class=\"item-title\">Torny Villarimboud Mides (03.12.2019: An El Hu Ma Mo Ni Ox Xa Yv; 6.4.2011: El Hu Ni)<\/span><\/a><\/p>\n<p><a href=\"https:\/\/balmardi.ch\/index.php\/torny-chatonnaye-villarimboud-20-12-2022-el-hu-ja-jc-jf-mo-ni-ro-yo\/\">Torny Ch\u00e2tonnaye Villarimboud (20.12.2022: El Hu Ja Jc Jf Jm Mo Ni Ro Yo)<\/a><\/p>\n<p><a href=\"http:\/\/balmardi.ch\/index.php\/ursy-chapelle-promasens-rue-04-07-2017-an-el-hu-jf-ma-mo-mr-ni-xa\/\">Ursy Chapelle Promasens Rue (04.07.2017: An El Hu Jf Ma Mo Mr Ni Xa)<\/a><\/p>\n<p><a href=\"https:\/\/balmardi.ch\/\">Villaz st Pierre Massonens Orsonnens (09.09.2025: Hu Ja Jm Ni Yv; 23.12.2019: El Hu Ja Ma Mo Ni Xa Yv; 18.03.2014: An El Hu Ma Mo Ni Ro)<\/a><\/p>\n<p><a href=\"http:\/\/balmardi.ch\/index.php\/vuisternens-dv-romont-lieferens-14-4-2015\/\">Vuisternens dv Romont Lieferens (14.4.2015: An El Hu Ma Mo Ni Ro)<\/a><\/p>\n<p><a href=\"http:\/\/balmardi.ch\/index.php\/villarimboud-mides-variante-2015-03-11-2015-an-el-ja-ma-ni-ro\/\">Villarimboud Mides variante 2015 (03.11.2015: An El Ja Ma Ni Ro)<\/a><\/p>\n<p><a href=\"https:\/\/balmardi.ch\/index.php\/villarzel-villars-bramard-sedeilles-5-12-2023-eo-jf-jm-mo-ni-yv\/\">Villarzel Villars-Bramard Sedeilles (5.12.2023: Eo Jf Jm Mo Ni Yv)<\/a><\/p>\n\n\n<p><a href=\"https:\/\/balmardi.ch\/\">Vuisternens Romont Lieffrens (09.03.2021: El Hu Ja Jf Ma Mi Mo Mr Ni Ox Ro Xa Yo Yv; 14.04.2015: An El Hu Ma Mo Ni Ro; 23.2.2011: El Hu Ni)<\/a><\/p>\n","protected":false},"excerpt":{"rendered":"<p>Parcours dans le district de la Gl\u00e2ne: Auborange Ecublens M\u00e9zi\u00e8res (15.11.2016: An El Hu Ja Jf Ma Mo Ni Ro; 12.09.2012: Hu Ni) Berlens Villaraboud Vuisternens Romont (14.05.2019: El Hu Ni Xa; 04.06.2013: El Hu Ni) Billens Curtilles (27.04.2021: An El Hu Ja Jf Ma Mi Mo Ni Ox Ro Xa Yo Yv) Billens Curtilles &hellip; <a href=\"https:\/\/balmardi.ch\/index.php\/glane\/\" class=\"more-link\">Continuer la lecture de <span class=\"screen-reader-text\">Gl\u00e2ne<\/span>  <span class=\"meta-nav\">&rarr;<\/span><\/a><\/p>\n","protected":false},"author":1,"featured_media":0,"parent":0,"menu_order":0,"comment_status":"closed","ping_status":"open","template":"","meta":{"two_page_speed":[],"footnotes":""},"class_list":["post-60","page","type-page","status-publish","hentry"],"_links":{"self":[{"href":"https:\/\/balmardi.ch\/index.php\/wp-json\/wp\/v2\/pages\/60","targetHints":{"allow":["GET"]}}],"collection":[{"href":"https:\/\/balmardi.ch\/index.php\/wp-json\/wp\/v2\/pages"}],"about":[{"href":"https:\/\/balmardi.ch\/index.php\/wp-json\/wp\/v2\/types\/page"}],"author":[{"embeddable":true,"href":"https:\/\/balmardi.ch\/index.php\/wp-json\/wp\/v2\/users\/1"}],"replies":[{"embeddable":true,"href":"https:\/\/balmardi.ch\/index.php\/wp-json\/wp\/v2\/comments?post=60"}],"version-history":[{"count":81,"href":"https:\/\/balmardi.ch\/index.php\/wp-json\/wp\/v2\/pages\/60\/revisions"}],"predecessor-version":[{"id":11454,"href":"https:\/\/balmardi.ch\/index.php\/wp-json\/wp\/v2\/pages\/60\/revisions\/11454"}],"wp:attachment":[{"href":"https:\/\/balmardi.ch\/index.php\/wp-json\/wp\/v2\/media?parent=60"}],"curies":[{"name":"wp","href":"https:\/\/api.w.org\/{rel}","templated":true}]}}