{"id":52,"date":"2015-06-30T16:19:38","date_gmt":"2015-06-30T15:19:38","guid":{"rendered":"http:\/\/localhost\/Balmardi\/?page_id=52"},"modified":"2026-03-06T14:36:45","modified_gmt":"2026-03-06T13:36:45","slug":"berne","status":"publish","type":"page","link":"https:\/\/balmardi.ch\/index.php\/berne\/","title":{"rendered":"Canton de Berne"},"content":{"rendered":"<h3>Parcours dans le canton de Berne:<\/h3>\n<p><a href=\"http:\/\/balmardi.ch\/index.php\/du-rellerligrat-a-schonried-en-hiver-06-03-2019-an-hu-ma-mo-xa-yv\/\"><span class=\"item-title\">Du Rellerligrat \u00e0 Sch\u00f6nried en hiver (06.03.2019: An Hu Ma Mo Xa Yv)<\/span><\/a><\/p>\n<p><a href=\"http:\/\/balmardi.ch\/index.php\/fraschels-niederried-bk-kallnach-26-04-2016-an-el-hu-ja-ma-mo-ni-ro\/\">Fr\u00e4schels Niederried bK Kallnach (26.04.2016: An El Hu Ja Ma Mo Ni Ro)<\/a><\/p>\n<p><a href=\"http:\/\/balmardi.ch\/index.php\/gampelen-erlach-thielle-14-05-2013-el-hu-ni\/\">Gampelen Erlach Thielle (14.05.2013: El Hu Ni)<\/a><\/p>\n<p><a href=\"https:\/\/balmardi.ch\/\">G\u00fcmmenen Kerzers (3.03.2026: An Eo Gi Hu Ja Jm Ma Ni No Ro Yo Yv)<\/a><\/p>\n<p><a href=\"https:\/\/balmardi.ch\/\">G\u00fcmmenen Maus Heggidorn M\u00fchleberg (19.04.2022: El Hu Jc Jf Ki +2 Ma Mi Mo Ni Yo Yv; 31.05.2016: An Cl El Hu Ja Jf Ma Mo Ni)<\/a><\/p>\n<p><a href=\"http:\/\/balmardi.ch\/index.php\/120717_ins-luscherz-17-07-2012-ed-hu-ni\/\">Ins L\u00fcscherz (17.07.2018: Jf Ni Sy Xa Yv; 17.07.2012: Ed Hu Ni)<\/a><\/p>\n<p><a href=\"http:\/\/balmardi.ch\/index.php\/jolimont-erlach-05-10-2016-an-el-hu-ja-jf-ma-mo-ni-ro\/\">Jolimont Erlach (19.05.2020: Ch Ja Ma Mo Ni Ox Yv; 05.10.2016: An El Hu Ja Jf Ma Mo Ni Ro)<\/a><\/p>\n<p><a href=\"http:\/\/balmardi.ch\/\"><span class=\"item-title\">Laupen G\u00fcmmenen (08.01.2019: An Hu Ja Jf Ma Mo Ni Xa Yv; 25.11.2014: An El Hu Ja Ma Mo Ni<\/span><\/a><\/p>\n<p><a href=\"https:\/\/balmardi.ch\/\">Laupen Rosshausern (23.05.2023: An El Eo Hu Ja Jf Jc Ma Mi Mo Mr Ni Ro Yo)<\/a><\/p>\n<p><a href=\"http:\/\/balmardi.ch\/index.php\/laupen-hinter-bramberg-ruplisried-30-10-2012-an-ed-hu-ni-ro\/\">Laupen Hinter Bramberg R\u00fcplisried (27.03.2018: An El Hu Ja Mo Ni Xa Yv; 30.10.2012: An Ed Hu Ni Ro)<\/a><\/p>\n<p><a href=\"https:\/\/balmardi.ch\/index.php\/macolin-twann-24-08-2021-ch1-el-hu-ja-jf3-ma-mo-ni-ro-yv\/\">Macolin Twann (24.08.2021: Ch+1 El Hu Ja Jf+3 Ma Mo Ni Ro Yv)<\/a><\/p>\n<p><a href=\"http:\/\/balmardi.ch\/index.php\/muhleberg-18-10-2011-el-hu-ni\/\">M\u00fchleberg (18.10.2011: El Hu Ni)<\/a><\/p>\n<p><a href=\"https:\/\/balmardi.ch\/\">M\u00fchleberg autour (17.08.2021: Chri Eo Ja Jc Jf+3 Ma Mo+2 Mr Ni+2(Torny) Ro; 08.09.2015: El Hu Ja Ma Ni)<\/a><\/p>\n<p><a href=\"https:\/\/balmardi.ch\/\">M\u00fchleberg Wohlenstau Frieswil (22.10.2024: An Ch El Eo Hu Ja Jc Jf Jm+1 Ma Mi Mo Ni Ro Sy+1 Xa Yo Yv)<\/a><\/p>\n<p><a href=\"https:\/\/balmardi.ch\/\">Neuenegg Niederwangen (30.07.2024: Al Jf Jq Ni Xa Yv; 27.02.2018: An Hu Ja Jf Ni Xa Yv); 12.11.2013: An Ed El Hu Ma Mo Ni Ro)<\/a><\/p>\n<p><a href=\"https:\/\/balmardi.ch\/index.php\/neuenegg-oberwangen-b-b-madersforst-11-07-2023-eo-hu-jf3-jm-ma-mi-mo-ni-sy-yv\/\">Neuenegg Oberwangen b B Madersforst (11.07.2023: Eo Hu Jf+3 Jm Ma Mi Mo Mr Ni Sy Yv)<\/a><\/p>\n<p><a href=\"https:\/\/balmardi.ch\/index.php\/neunegg-rosshasern-27-08-2013-an-ed-el-hu-ma-mo-ni\/\">Neunegg Rossh\u00e4sern (06.02.2024: Jm Ni Yv; 13.11.2018: An El Hu Ma Mo Ni Xa; 27.08.2013: An Ed El Hu Ma Mo Ni)<\/a><\/p>\n<p><a href=\"http:\/\/balmardi.ch\/index.php\/niederscherli-oberbalm-5-5-2015\/\">Niederscherli Oberbalm (5.5.2015: An El Hu Ni Ro)<\/a><\/p>\n<p><a href=\"https:\/\/balmardi.ch\/\">Sangernboden Pfyffe (21.06.2022: El Hu Ja Ma Mr Ni)<\/a><\/p>\n<p><a href=\"http:\/\/balmardi.ch\/index.php\/schwefelbergbad-schupfenflue-gantrischhutte-16-11-2011-el-hu-ni\/\">Schwefelbergbad Sch\u00fcpfenflue Gantrischh\u00fctte (16.11.2011: El Hu Ni)<\/a><\/p>\n<p><a href=\"http:\/\/balmardi.ch\/index.php\/tauffelen-sutz-lac-bienne-09-04-2013-ed-hu-ma-ni\/\">T\u00e4uffelen Sutz lac Bienne (09.04.2013: Ed Hu Ma Ni)<\/a><\/p>\n<p><a href=\"http:\/\/balmardi.ch\/index.php\/theurishaus-niederscherli-schliern-25-09-2012-an-ed-el-hu-ni\/\">Th\u00f6rishaus Niederscherli Schliern (17.10.2017: Br Jf Ni Ro Yr; 25.09.2012: An Ed El Hu Ni)<\/a><\/p>\n<p><a href=\"http:\/\/balmardi.ch\/index.php\/thorishaus-schwarzwasserbrucke-23-12-2014-an-el-hu-ja-ma-mo-ni-ro\/\">Th\u00f6rishaus Schwarzwasserbr\u00fccke (06.10.2020: An Ch El Hu Ja Jf Ma Mo Ni Ox Xa Yv; 23.12.2014: An El Hu Ja Ma Mo Ni Ro)<\/a><\/p>\n<p><a href=\"http:\/\/balmardi.ch\/index.php\/zollhaus-underi-hellstatt-02-08-2016-an-hu-jf-ni-xa\/\">Zollhaus Underi-H\u00e4llstett (02.08.2016: An Hu Jf Ni Xa)<\/a><\/p>\n","protected":false},"excerpt":{"rendered":"<p>Parcours dans le canton de Berne: Du Rellerligrat \u00e0 Sch\u00f6nried en hiver (06.03.2019: An Hu Ma Mo Xa Yv) Fr\u00e4schels Niederried bK Kallnach (26.04.2016: An El Hu Ja Ma Mo Ni Ro) Gampelen Erlach Thielle (14.05.2013: El Hu Ni) G\u00fcmmenen Kerzers (3.03.2026: An Eo Gi Hu Ja Jm Ma Ni No Ro Yo Yv) G\u00fcmmenen &hellip; <a href=\"https:\/\/balmardi.ch\/index.php\/berne\/\" class=\"more-link\">Continuer la lecture de <span class=\"screen-reader-text\">Canton de Berne<\/span>  <span class=\"meta-nav\">&rarr;<\/span><\/a><\/p>\n","protected":false},"author":1,"featured_media":0,"parent":0,"menu_order":0,"comment_status":"closed","ping_status":"open","template":"","meta":{"two_page_speed":[],"footnotes":""},"class_list":["post-52","page","type-page","status-publish","hentry"],"_links":{"self":[{"href":"https:\/\/balmardi.ch\/index.php\/wp-json\/wp\/v2\/pages\/52","targetHints":{"allow":["GET"]}}],"collection":[{"href":"https:\/\/balmardi.ch\/index.php\/wp-json\/wp\/v2\/pages"}],"about":[{"href":"https:\/\/balmardi.ch\/index.php\/wp-json\/wp\/v2\/types\/page"}],"author":[{"embeddable":true,"href":"https:\/\/balmardi.ch\/index.php\/wp-json\/wp\/v2\/users\/1"}],"replies":[{"embeddable":true,"href":"https:\/\/balmardi.ch\/index.php\/wp-json\/wp\/v2\/comments?post=52"}],"version-history":[{"count":78,"href":"https:\/\/balmardi.ch\/index.php\/wp-json\/wp\/v2\/pages\/52\/revisions"}],"predecessor-version":[{"id":11739,"href":"https:\/\/balmardi.ch\/index.php\/wp-json\/wp\/v2\/pages\/52\/revisions\/11739"}],"wp:attachment":[{"href":"https:\/\/balmardi.ch\/index.php\/wp-json\/wp\/v2\/media?parent=52"}],"curies":[{"name":"wp","href":"https:\/\/api.w.org\/{rel}","templated":true}]}}