{"id":42,"date":"2015-06-30T16:17:28","date_gmt":"2015-06-30T15:17:28","guid":{"rendered":"http:\/\/localhost\/Balmardi\/?page_id=42"},"modified":"2026-04-11T16:31:16","modified_gmt":"2026-04-11T15:31:16","slug":"gruyere","status":"publish","type":"page","link":"https:\/\/balmardi.ch\/index.php\/gruyere\/","title":{"rendered":"Gruy\u00e8re"},"content":{"rendered":"<h3>Parcours dans le district de la Gruy\u00e8re:<\/h3>\n<p><a href=\"https:\/\/balmardi.ch\/\">Broc Corbieres Echarlens (22.11.2022, Broc Corbi\u00e8res: An Eo Ja Jc Mo Ni Ro Yo Yv; 14.06.2022: El Eo Hu Ja Jc Jf Ma Mi Mo Mr Xa Yv)<\/a><\/p>\n<p><a href=\"https:\/\/balmardi.ch\/\">Bulle Broc Gruy\u00e8re (04.02.2025: Eo Gi Hu Jc Jm Ma Mo Ni Ox Sy Yv; 28.11.2017: An Hu Ja Jf Mo Ni Ro Sy Xa)<\/a><\/p>\n<p><a href=\"https:\/\/balmardi.ch\/\">Bulle Broc Pringy (21.01.2025: El Eo Gi Hu Ja Jc Jm Ma Mi Mo Ni Sy Yv; 20.11.2018: An El Hu Ja Jf Ma Mo Mr Ni Xa Yv)<\/a><\/p>\n<p><a href=\"https:\/\/balmardi.ch\/\">Bulle Riaz Vuadens (01.08.2023: Al Ch El Hu Jm Jq Ma Ml Mo Mx Ni Ox Sy Va Xa Yu Yv ;05.12.2017: An Hu Ja Jf Ni Xa)<\/a><\/p>\n<p><a href=\"http:\/\/balmardi.ch\/index.php\/bulle-tour-de-17-12-2019-an-ch-el-hu-ja-jf-ma-mo-ni-xa-yv\/\">Bulle tour de (17.12.2019: An Ch El Hu Ja Jf Ma Mo Ni Xa Yv)<\/a><\/p>\n<p><a href=\"https:\/\/balmardi.ch\/index.php\/chatel-st-denis-semsales-10-10-2023-hu-ja-mo-ni\/\">Ch\u00e2tel-St-Denis Semsales (10.10.2023: Hu Ja Mo Ni)<\/a><\/p>\n<p><a href=\"https:\/\/balmardi.ch\/index.php\/crau-rappo-cousimberg-court-13-06-2023-eo-ni\/\">Crau Rappo Cousimberg court (13.06.2023: Eo Ni)<\/a><\/p>\n<p><a href=\"http:\/\/balmardi.ch\/index.php\/echarlens-vuippens-riaz-19-09-2013-an-ed-ma-mo-ni\/\">Echarlens Vuippens Riaz (19.09.2013: An Ed Ma Mo Ni)<\/a><\/p>\n<p><a href=\"https:\/\/balmardi.ch\/\">Echarlens Vuippens Riaz var1 (16.07.2024: Gi Hu Ja Jc+1 Jm Ni Sy Xa Yv; 27.12.2017: An Hu Jf Ni)<\/a><\/p>\n<p><a href=\"http:\/\/balmardi.ch\/\">Gibloux autour (07.08.2018: An El Hu Ma Mo Ni Xa Yv)<\/a><\/p>\n<p><a href=\"https:\/\/balmardi.ch\/\">Gruyeres tour de (24.11.2020: Hu Ja Jf Ni Ox Yv; Gruy\u00e8re Enney: Eo El Gi Hu Ja Jf Ma Mo Ni Ox (+3) Ro Xa Yo Yv)<\/a><\/p>\n<p><a href=\"https:\/\/balmardi.ch\/index.php\/250401_gumefens-corpataux-13840m-428m-3h51\/\">Gumefens Corpataux (01.04.2025: Eo Ja Jc Jm Ma Mi Mo Ni Ro Sy Yo Yv)<\/a><\/p>\n<p><a href=\"http:\/\/balmardi.ch\/\">Gumefens Marsens Prary (10.03.2020: An El Ja Ma Mo Ox Ni Xa Yv; 10.01.2017: El Hu Ja Ma Ni)<\/a><\/p>\n<p><a href=\"http:\/\/balmardi.ch\/index.php\/gumefens-gibloux-el-hu-ja-jf-ma-mo-mr-ni-xa-yv\/\">Gumefens Gibloux (22.12.2020: El Hu Ja Jf Ma Mo Mr Ni Xa Yv)<\/a><\/p>\n<p><a href=\"https:\/\/balmardi.ch\/index.php\/gumefens-pont-en-ogoz-villars-davry-21-5-2013-hu-ni-11-08-2015-el-ni\/\" data-type=\"page\" data-rich-text-format-boundary=\"true\">Gumefens Pont-en-Ogoz Villars d&rsquo;Avry (18.05.2021: El Hu Jc JF Ma Mr Ni Ox Ro Xa Yo) 21.5.2013: Hu Ni; 11.08.2015: An El Ma Ni Ro)<\/a><\/p>\n<p><a href=\"http:\/\/balmardi.ch\/index.php\/la-roche-la-lienne-montsoflo-18-06-2019-an-el-hu-ja-ni-xa-yv\/\"><span class=\"item-title\">La Roche La Lienne Montsoflo (18.06.2019: An El Hu Ja Ni Xa Yv)<\/span><\/a><\/p>\n<p><a href=\"http:\/\/balmardi.ch\/index.php\/les-bugnons-estevenens-romanens-19-02-2019-el-hu-ma-mo-ni-xa-yv\/\">Les Bugnons Estevenens Romanens (19.02.2019: El Hu Ma Mo Ni Xa Yv)<\/a><\/p>\n<p><a href=\"http:\/\/balmardi.ch\/index.php\/le-cret-fond-et-raquettes-17-01-2017-hu-jf-ni-ro\/\">Le Cret fond et raquettes (05.01.2021: Ch Hu Ja Jf Ma Mi Mo Ni Ox Yv; 17.01.2017: Hu Jf Ni Ro; 19.02.12: An El Hu Ja Ma Mo Ni Xa Yv)<\/a><\/p>\n<p><a href=\"http:\/\/balmardi.ch\/index.php\/le-cret-le-sionges-les-tourbieres-10-05-2012-el-hu-ni\/\">Le Cr\u00eat le Sionges les Tourbi\u00e8res (15.12.2015: An El Hu Jf Ma Ni Ro; 10.05.2012: El Hu Ni)<\/a><\/p>\n<p><a href=\"https:\/\/balmardi.ch\/\">Marsens sur les monts Riaz Prary(06.09.2022: El Hu Jf Jm Ma Mo Mr Ni Yv; 17.05.2016: An El Hu Ni Ro)<\/a><\/p>\n<p><a href=\"http:\/\/balmardi.ch\/index.php\/maules-villariaz-09-04-2019-an-el-hu-ja-ma-ni-xa-yv\/\"><span class=\"item-title\">Maules Villariaz (09.04.2019: An El Hu Ja Ma Ni Xa Yv)<\/span><\/a><\/p>\n<p><a href=\"https:\/\/balmardi.ch\/index.php\/moleson-sur-gruyeres-la-vudala-26-07-2016-an-el-hu-jf-ni-ro-yv\/\">Mol\u00e9son-sur-Gruy\u00e8res la Vudala (15.06.2021: Ch Hu Ja Jf Ma Mi Mo Mr Ni Ox Ro Xa Yo Yv; 26.07.2016: An El Hu Jf Ni Ro Yv)<\/a><\/p>\n<p><a href=\"https:\/\/balmardi.ch\/index.php\/240917_moleson-sur-gruyeres-les-fours-17-09-2024-an-ch-eo-hu-ja-jf-jm-ma-mi-mo-ni-sy-yv\/\">Moleson sur Gruy\u00e8res les Fours (17.09.2024: An Ch Eo Hu Ja Jf Jm Ma Mi Mo Ni Sy Yv)<\/a><\/p>\n<p><a href=\"http:\/\/balmardi.ch\/index.php\/petit-chalet-neuf-ratvel-13-06-2017-an-hu-jf-ni\/\">Petit Chalet Neuf Ratvel (13.06.2017: An Hu Jf Ni)<\/a><\/p>\n<p><a href=\"http:\/\/balmardi.ch\/index.php\/gros-plane-teysachaux-moleson-30-08-2016-an-hu-ni\/\">Petit Plan\u00e9 Teysachaux Mol\u00e9son (30.08.2016: An Hu Ni)<\/a><\/p>\n<p><a href=\"http:\/\/balmardi.ch\/index.php\/pringy-la-vudalla-18-06-2014-ni-xa\/\">Pringy la Vudalla (?18.06.2014?: Ni Xa)<\/a><\/p>\n<p><a href=\"http:\/\/balmardi.ch\/index.php\/pringy-moleson-17-8-2011-el-hu-ma-ni-et-mc\/\">Pringy Mol\u00e9son (17.8.2011: El Hu Ma Ni Mc)<\/a><\/p>\n<p><a href=\"https:\/\/balmardi.ch\/index.php\/pringy-moleson-long-03-10-2017-hu-jf-ni-xa\/\">Pringy Mol\u00e9son long (26.10.2021: an Eo Ja Jf Ma Mo Mr Ni Xa (+3) Yv; 03.10.2017: Hu Jf Ni Xa)<\/a><\/p>\n<p><a href=\"http:\/\/balmardi.ch\/index.php\/raquettes-la-chia-grand-tour-22-03-2016-an-al-hu-ma-mo-ni-ro\/\">Raquettes la Chia grand tour (22.03.2016: An Al Hu Ma Mo Ni Ro)<\/a><\/p>\n<p><a href=\"http:\/\/balmardi.ch\/index.php\/raquettes-les-colombettes-les_alpettes-22-01-2019-an-el-hu-ja-jf-ma-ni-xa-yv\/\">Raquettes Les Colombettes Les_Alpettes (22.01.2019: An El Hu Ja Jf Ma Ni Xa Yv)<\/a><\/p>\n<p><a href=\"https:\/\/balmardi.ch\/\">Raquettes Les Colombettes (11.01.2022: Ja Jf Jc Ma Mo Ni Ox Ro Xa Yu Yv)<\/a><\/p>\n<p><a href=\"https:\/\/balmardi.ch\/index.php\/220118_raquettes-le-carry-les-portes-18-01-2022-an-el-hu-ja-ma-ni-ox-ro-xa-yo\/\">Raquettes le Carry Les Portes 10140m 426m 3h41<\/a><\/p>\n<p><a href=\"https:\/\/balmardi.ch\/index.php\/raquettes-montsoflo-gite-dalliere-le-sapin-15-01-2019-el-hu-jf-ma-mo-ni-xa\/\">Raquettes Montsoflo G\u00eete d\u2019Alli\u00e8re Le Sapin (15.01.2019: El Hu Jf Ma Mo Ni Xa)<\/a><\/p>\n<p><a href=\"https:\/\/balmardi.ch\/\">Raquettes Montsoflo La Berra (05.04.2022: El Hu Ja Jc Ma Mo Ni Yv)<\/a><\/p>\n<p><a href=\"https:\/\/balmardi.ch\/index.php\/raquettes-part-dieu-sentier-des-pauvres-20-01-2015-an-el-hu-ja-ma-mo-ni-ro-yo\/\">Raquettes Part-Dieu sentier des pauvres (21.12.2021: An Hu Jf Ki Ma Mi Mo Ni Xa; 20.02.2018: An Hu Ja Jf Ni Xa Yv; 20.01.2015: An El Hu Ja Ma Mo Ni Ro Yo)<\/a><\/p>\n<p><a href=\"http:\/\/balmardi.ch\/index.php\/semsales-portes-les-alpettes-01-03-2016-an-cl-jf-ma-mo-ni-ro\/\">Raquettes Semsales Portes les Alpettes (01.03.2016: An Cl Jf Ma Mo Ni Ro)<\/a><\/p>\n<p><a href=\"https:\/\/balmardi.ch\/index.php\/rueyres-treyfayes-vuisternens-devant-romont-sommentier-la-joux-10-09-2024-an-eo-hu-ja-jc-ma-mi-mo-ni-ro-yo-yv\/\">Rueyres Treyfayes Vuisternens-devant-Romont Sommentier La Joux (10.09.2024: An El Eo Hu Ja Jc Jf Jm Ma Mi Mo Mr Ni Ro Sy Yo Yv)<\/a><\/p>\n<p><a href=\"https:\/\/balmardi.ch\/\">S\u00e2les La Joux Le Cr\u00eat Rueyres-Treyfayes (25.06.2024: An Hu Jm Ni Ro Yo Yv; 07.06.2016: An El Hu Ja Ma Mo Ni Ro)16421m 375d 4h09<\/a><\/p>\n<p><a href=\"https:\/\/balmardi.ch\/index.php\/semsales-vuadens-30-08-2023-ja-jc-ma-mo-ni-ro-xa-yo\/\">Semsales Vuadens (30.08.2023: Ja Jc Ma Mo Ni Ro Xa Yo)<\/a><\/p>\n<p><a href=\"https:\/\/balmardi.ch\/\">Semsales La Verrerie La Rogivue (25.02.2025: El Eo Hu Ja Jc Jm Ma Mo Ni Ro Sy Yo Yv)<\/a><\/p>\n<p><a href=\"https:\/\/balmardi.ch\/index.php\/sorens-le-chatelard-13-08-2024-ch-gi-hu-jf3-jm-ma-mi-mo-ni-no-ro-sy-xa-yo-yv\/\">Sorens Le Chatelard (13.08.2024: Ch Gi Hu Jf+3 Jm Ma Mi Mo Ni No Ro Sy Xa Yo Yv)<\/a><\/p>\n<p><a href=\"https:\/\/balmardi.ch\/index.php\/ski-fond-petit-prary-sorens\/\">Ski fond Petit Prary Sorens (31.01.2023: Ch Eo Ja Jc Jf Mo Mr Ni Ox Ro Xa Yv; 05.02.2019: El Hu Ja Jf Ma Mo Ni; 26.01.2016: El Hu Ma Mo Ni Ro; 01.02.2012: Hu Mo Ni)<\/a><\/p>\n<p><a href=\"http:\/\/balmardi.ch\/index.php\/tour-du-gibloux-23-05-2017-an-el-hu-mo-ni\/\">Tour du Gibloux (23.05.2017: An El Hu Mo Ni)<\/a><\/p>\n<p><a href=\"http:\/\/balmardi.ch\/\">Vaulruz Maules sur-les-Monts (25.07.2017: An Hu Je Jf Ni Xa; 11.06.2013: El Hu Ni)<\/a><\/p>\n<p><a href=\"http:\/\/balmardi.ch\/index.php\/vaulruz-les-alpettes-raquettes-28-02-2012-el-hu-ni\/\">Vaulruz les Alpettes raquettes (28.02.2012: El Hu Ni)<\/a><\/p>\n<p><a href=\"http:\/\/balmardi.ch\/index.php\/vuadens\">Vuadens la Queue des Alpettes (12.09.2017: An Hu Ja Ma Ni)<\/a><\/p>\n<p><a href=\"https:\/\/balmardi.ch\/index.php\/vuadens-les-portes-24-09-2024-hu-jf-jm-ni-yv\/\">Vuadens Les Portes (24.09.2024: Hu Jf Jm Ni Yv)<\/a><\/p>\n<p><a href=\"https:\/\/balmardi.ch\/\">Vuippens Riaz (26.08.2025: El Eo Gi Hu Ja Jc Jm Ma+1 Mi Mo Ni No Ro Sy Yo Yv+1)<\/a><\/p>\n<p><a href=\"https:\/\/balmardi.ch\/index.php\/vuippens-riaz-marsens-8-10-2019-an-ch-el-hu-ma-mo-ni-xa-yv\/\">Vuippens Riaz Marsens (8.10.2019: An CH El Hu Ja Ma Mo Ni Ox Yv)<\/a><\/p>\n\n","protected":false},"excerpt":{"rendered":"<p>Parcours dans le district de la Gruy\u00e8re: Broc Corbieres Echarlens (22.11.2022, Broc Corbi\u00e8res: An Eo Ja Jc Mo Ni Ro Yo Yv; 14.06.2022: El Eo Hu Ja Jc Jf Ma Mi Mo Mr Xa Yv) Bulle Broc Gruy\u00e8re (04.02.2025: Eo Gi Hu Jc Jm Ma Mo Ni Ox Sy Yv; 28.11.2017: An Hu Ja Jf &hellip; <a href=\"https:\/\/balmardi.ch\/index.php\/gruyere\/\" class=\"more-link\">Continuer la lecture de <span class=\"screen-reader-text\">Gruy\u00e8re<\/span>  <span class=\"meta-nav\">&rarr;<\/span><\/a><\/p>\n","protected":false},"author":1,"featured_media":0,"parent":0,"menu_order":0,"comment_status":"closed","ping_status":"open","template":"","meta":{"two_page_speed":[],"footnotes":""},"class_list":["post-42","page","type-page","status-publish","hentry"],"_links":{"self":[{"href":"https:\/\/balmardi.ch\/index.php\/wp-json\/wp\/v2\/pages\/42","targetHints":{"allow":["GET"]}}],"collection":[{"href":"https:\/\/balmardi.ch\/index.php\/wp-json\/wp\/v2\/pages"}],"about":[{"href":"https:\/\/balmardi.ch\/index.php\/wp-json\/wp\/v2\/types\/page"}],"author":[{"embeddable":true,"href":"https:\/\/balmardi.ch\/index.php\/wp-json\/wp\/v2\/users\/1"}],"replies":[{"embeddable":true,"href":"https:\/\/balmardi.ch\/index.php\/wp-json\/wp\/v2\/comments?post=42"}],"version-history":[{"count":151,"href":"https:\/\/balmardi.ch\/index.php\/wp-json\/wp\/v2\/pages\/42\/revisions"}],"predecessor-version":[{"id":11793,"href":"https:\/\/balmardi.ch\/index.php\/wp-json\/wp\/v2\/pages\/42\/revisions\/11793"}],"wp:attachment":[{"href":"https:\/\/balmardi.ch\/index.php\/wp-json\/wp\/v2\/media?parent=42"}],"curies":[{"name":"wp","href":"https:\/\/api.w.org\/{rel}","templated":true}]}}