{"id":3985,"date":"2017-11-14T08:29:30","date_gmt":"2017-11-14T07:29:30","guid":{"rendered":"http:\/\/balmardi.ch\/?page_id=3985"},"modified":"2020-09-26T15:45:34","modified_gmt":"2020-09-26T14:45:34","slug":"pensier-cournillens-courtepin-var1-14-11-2017-an-ni-xa","status":"publish","type":"page","link":"https:\/\/balmardi.ch\/index.php\/pensier-cournillens-courtepin-var1-14-11-2017-an-ni-xa\/","title":{"rendered":"Pensier Cournillens Courtepin Var1 (14.11.2017: An Ja Mo Ni Xa)"},"content":{"rendered":"<h3 style=\"text-align: center;\"><a href=\"https:\/\/map.schweizmobil.ch\/?lang=fr&amp;bgLayer=pk&amp;resolution=7.78&amp;season=summer&amp;E=2576018&amp;N=1189368&amp;photos=yes&amp;logo=yes&amp;trackId=4060669\" target=\"_blank\" rel=\"noopener noreferrer\">Pensier Cournillens Courtepin Var1<\/a> <a href=\"http:\/\/balmardi.ch\/wp-content\/uploads\/2017\/11\/171114_Pensier-Cournillens-Courtepin-Var1-17040-328-4h15.gpx\">(<abbr class='c2c-text-hover' title='Navr\u00e9: cette fonction a \u00e9t\u00e9 supprim\u00e9e par l\u2019h\u00e9bergeur du site. (Touche droite de la souris et cliquer &quot;Enregistrer la cible du lien sous...&quot; suivre. gpx est ainsi disponible pour \u00eatre import\u00e9 par Swissmaponline, Suissemobile ou ouvert avec Mapout ou Openmap etc...)'>fichier gpx<\/abbr>)<\/a><\/h3>\n<p style=\"text-align: center;\">Distance: 17040m D\u00e9nivellation:\u00a0 328m Dur\u00e9e: 4h15<br \/>\nPhotos du 14 novembre 2017, o\u00f9 on voit que le photographe \u00e9tait absent! La descente entre le point 602 et la Crausa est un peu particuli\u00e8re. Apr\u00e8s le passage de la source du ruisseau, bien suivre la lisi\u00e8re des arbres pour tomber en-dessous sur le sentier vers la pont.<br \/>\n<style id=\"bwg-style-0\">    #bwg_container1_0 #bwg_container2_0 .bwg-container-0.bwg-standard-thumbnails {      width: 454px;              justify-content: center;        margin:0 auto !important;              background-color: rgba(255, 255, 255, 0.00);            padding-left: 4px;      padding-top: 4px;      max-width: 100%;            }        #bwg_container1_0 #bwg_container2_0 .bwg-container-0.bwg-standard-thumbnails .bwg-item {    justify-content: flex-start;      max-width: 90px;            width: 90px !important;          }    #bwg_container1_0 #bwg_container2_0 .bwg-container-0.bwg-standard-thumbnails .bwg-item a {       margin-right: 4px;       margin-bottom: 4px;    }    #bwg_container1_0 #bwg_container2_0 .bwg-container-0.bwg-standard-thumbnails .bwg-item0 {      padding: 0px;            background-color:rgba(255,255,255, 0.30);      border: 0px none #CCCCCC;      opacity: 1.00;      border-radius: 0;      box-shadow: 0px 0px 0px #888888;    }    #bwg_container1_0 #bwg_container2_0 .bwg-container-0.bwg-standard-thumbnails .bwg-item1 img {      max-height: none;      max-width: none;      padding: 0 !important;    }        @media only screen and (min-width: 480px) {      #bwg_container1_0 #bwg_container2_0 .bwg-container-0.bwg-standard-thumbnails .bwg-item0 {        transition: all 0.3s ease 0s;-webkit-transition: all 0.3s ease 0s;      }      #bwg_container1_0 #bwg_container2_0 .bwg-container-0.bwg-standard-thumbnails .bwg-item0:hover {        -ms-transform: scale(1.1);        -webkit-transform: scale(1.1);        transform: scale(1.1);      }    }          #bwg_container1_0 #bwg_container2_0 .bwg-container-0.bwg-standard-thumbnails .bwg-item1 {      padding-top: 50%;    }        #bwg_container1_0 #bwg_container2_0 .bwg-container-0.bwg-standard-thumbnails .bwg-title1 {      position: absolute;      top: 0;      z-index: 100;      width: 100%;      height: 100%;      display: flex;      justify-content: center;      align-content: center;      flex-direction: column;      opacity: 0;    }\t      #bwg_container1_0 #bwg_container2_0 .bwg-container-0.bwg-standard-thumbnails .bwg-title2,    #bwg_container1_0 #bwg_container2_0 .bwg-container-0.bwg-standard-thumbnails .bwg-ecommerce2 {      color: #FFFFFF;      font-family: segoe ui;      font-size: 16px;      font-weight: bold;      padding: 2px;      text-shadow: 0px 0px 0px #888888;      max-height: 100%;    }    #bwg_container1_0 #bwg_container2_0 .bwg-container-0.bwg-standard-thumbnails .bwg-thumb-description span {    color: #323A45;    font-family: Ubuntu;    font-size: 12px;    max-height: 100%;    word-wrap: break-word;    }    #bwg_container1_0 #bwg_container2_0 .bwg-container-0.bwg-standard-thumbnails .bwg-play-icon2 {      font-size: 32px;    }    #bwg_container1_0 #bwg_container2_0 .bwg-container-0.bwg-standard-thumbnails .bwg-ecommerce2 {      font-size: 19.2px;      color: #CCCCCC;    }    <\/style>    <div id=\"bwg_container1_0\"         class=\"bwg_container bwg_thumbnail bwg_thumbnails \"         data-right-click-protection=\"0\"         data-bwg=\"0\"         data-scroll=\"0\"         data-gallery-type=\"thumbnails\"         data-gallery-view-type=\"thumbnails\"         data-current-url=\"\/index.php\/wp-json\/wp\/v2\/pages\/3985\"         data-lightbox-url=\"https:\/\/balmardi.ch\/wp-admin\/admin-ajax.php?action=GalleryBox&#038;current_view=0&#038;gallery_id=335&#038;tag=0&#038;theme_id=1&#038;shortcode_id=563&#038;sort_by=order&#038;order_by=asc&#038;current_url=%2Findex.php%2Fwp-json%2Fwp%2Fv2%2Fpages%2F3985\"         data-gallery-id=\"335\"         data-popup-width=\"800\"         data-popup-height=\"500\"         data-is-album=\"gallery\"         data-buttons-position=\"bottom\">      <div id=\"bwg_container2_0\">             <div id=\"ajax_loading_0\" class=\"bwg_loading_div_1\">      <div class=\"bwg_loading_div_2\">        <div class=\"bwg_loading_div_3\">          <div id=\"loading_div_0\" class=\"bwg_spider_ajax_loading\">          <\/div>        <\/div>      <\/div>    <\/div>            <form id=\"gal_front_form_0\"              class=\"bwg-hidden\"              method=\"post\"              action=\"#\"              data-current=\"0\"              data-shortcode-id=\"563\"              data-gallery-type=\"thumbnails\"              data-gallery-id=\"335\"              data-tag=\"0\"              data-album-id=\"0\"              data-theme-id=\"1\"              data-ajax-url=\"https:\/\/balmardi.ch\/wp-admin\/admin-ajax.php?action=bwg_frontend_data\">          <div id=\"bwg_container3_0\" class=\"bwg-background bwg-background-0\">                <div data-max-count=\"5\"         data-thumbnail-width=\"90\"         data-bwg=\"0\"         data-gallery-id=\"335\"         data-lightbox-url=\"https:\/\/balmardi.ch\/wp-admin\/admin-ajax.php?action=GalleryBox&amp;current_view=0&amp;gallery_id=335&amp;tag=0&amp;theme_id=1&amp;shortcode_id=563&amp;sort_by=order&amp;order_by=asc&amp;current_url=%2Findex.php%2Fwp-json%2Fwp%2Fv2%2Fpages%2F3985\"         id=\"bwg_thumbnails_0\"         class=\"bwg-container-0 bwg-thumbnails bwg-standard-thumbnails bwg-container bwg-border-box\">            <div class=\"bwg-item\">        <a class=\"bwg-a  bwg_lightbox\"  data-image-id=\"10468\" href=\"https:\/\/balmardi.ch\/wp-content\/uploads\/photo-gallery\/171114_Pensier_Cournillens_Courtepin_Var1_(2).jpg\" data-elementor-open-lightbox=\"no\">                <div class=\"bwg-item0 \">          <div class=\"bwg-item1 \">            <div class=\"bwg-item2\">              <img decoding=\"async\" class=\"skip-lazy bwg_standart_thumb_img_0 \"                   data-id=\"10468\"                   data-width=\"\"                   data-height=\"\"                   data-src=\"https:\/\/balmardi.ch\/wp-content\/uploads\/photo-gallery\/thumb\/171114_Pensier_Cournillens_Courtepin_Var1_(2).jpg\"                   src=\"https:\/\/balmardi.ch\/wp-content\/uploads\/photo-gallery\/thumb\/171114_Pensier_Cournillens_Courtepin_Var1_(2).jpg\"                   alt=\"Apr\u00e8s La Corbaz point 646\"                   title=\"Apr\u00e8s La Corbaz point 646\" \/>            <\/div>            <div class=\"\">              <div class=\"bwg-title1\"><div class=\"bwg-title2\">Apr\u00e8s La Corbaz point 646<\/div><\/div>                                        <\/div>          <\/div>        <\/div>                        <\/a>              <\/div>            <div class=\"bwg-item\">        <a class=\"bwg-a  bwg_lightbox\"  data-image-id=\"10467\" href=\"https:\/\/balmardi.ch\/wp-content\/uploads\/photo-gallery\/171114_Pensier_Cournillens_Courtepin_Var1_(5).jpg\" data-elementor-open-lightbox=\"no\">                <div class=\"bwg-item0 \">          <div class=\"bwg-item1 \">            <div class=\"bwg-item2\">              <img decoding=\"async\" class=\"skip-lazy bwg_standart_thumb_img_0 \"                   data-id=\"10467\"                   data-width=\"\"                   data-height=\"\"                   data-src=\"https:\/\/balmardi.ch\/wp-content\/uploads\/photo-gallery\/thumb\/171114_Pensier_Cournillens_Courtepin_Var1_(5).jpg\"                   src=\"https:\/\/balmardi.ch\/wp-content\/uploads\/photo-gallery\/thumb\/171114_Pensier_Cournillens_Courtepin_Var1_(5).jpg\"                   alt=\"Guin au loin\"                   title=\"Guin au loin\" \/>            <\/div>            <div class=\"\">              <div class=\"bwg-title1\"><div class=\"bwg-title2\">Guin au loin<\/div><\/div>                                        <\/div>          <\/div>        <\/div>                        <\/a>              <\/div>            <div class=\"bwg-item\">        <a class=\"bwg-a  bwg_lightbox\"  data-image-id=\"10466\" href=\"https:\/\/balmardi.ch\/wp-content\/uploads\/photo-gallery\/171114_Pensier_Cournillens_Courtepin_Var1_(4).jpg\" data-elementor-open-lightbox=\"no\">                <div class=\"bwg-item0 \">          <div class=\"bwg-item1 \">            <div class=\"bwg-item2\">              <img decoding=\"async\" class=\"skip-lazy bwg_standart_thumb_img_0 \"                   data-id=\"10466\"                   data-width=\"\"                   data-height=\"\"                   data-src=\"https:\/\/balmardi.ch\/wp-content\/uploads\/photo-gallery\/thumb\/171114_Pensier_Cournillens_Courtepin_Var1_(4).jpg\"                   src=\"https:\/\/balmardi.ch\/wp-content\/uploads\/photo-gallery\/thumb\/171114_Pensier_Cournillens_Courtepin_Var1_(4).jpg\"                   alt=\"Arriv\u00e9e \u00e0 Courtepin\"                   title=\"Arriv\u00e9e \u00e0 Courtepin\" \/>            <\/div>            <div class=\"\">              <div class=\"bwg-title1\"><div class=\"bwg-title2\">Arriv\u00e9e \u00e0 Courtepin<\/div><\/div>                                        <\/div>          <\/div>        <\/div>                        <\/a>              <\/div>            <div class=\"bwg-item\">        <a class=\"bwg-a  bwg_lightbox\"  data-image-id=\"10465\" href=\"https:\/\/balmardi.ch\/wp-content\/uploads\/photo-gallery\/171114_Pensier_Cournillens_Courtepin_Var1_(1).jpg\" data-elementor-open-lightbox=\"no\">                <div class=\"bwg-item0 \">          <div class=\"bwg-item1 \">            <div class=\"bwg-item2\">              <img decoding=\"async\" class=\"skip-lazy bwg_standart_thumb_img_0 \"                   data-id=\"10465\"                   data-width=\"\"                   data-height=\"\"                   data-src=\"https:\/\/balmardi.ch\/wp-content\/uploads\/photo-gallery\/thumb\/171114_Pensier_Cournillens_Courtepin_Var1_(1).jpg\"                   src=\"https:\/\/balmardi.ch\/wp-content\/uploads\/photo-gallery\/thumb\/171114_Pensier_Cournillens_Courtepin_Var1_(1).jpg\"                   alt=\"Et vue sur les pr\u00e9alpes\"                   title=\"Et vue sur les pr\u00e9alpes\" \/>            <\/div>            <div class=\"\">              <div class=\"bwg-title1\"><div class=\"bwg-title2\">Et vue sur les pr\u00e9alpes<\/div><\/div>                                        <\/div>          <\/div>        <\/div>                        <\/a>              <\/div>          <\/div>    <style>      \/*pagination styles*\/      #bwg_container1_0 #bwg_container2_0 .tablenav-pages_0 {\t\t\t\ttext-align: center;\t\t\t\tfont-size: 12px;\t\t\t\tfont-family: segoe ui;\t\t\t\tfont-weight: bold;\t\t\t\tcolor: #666666;\t\t\t\tmargin: 6px 0 4px;\t\t\t\tdisplay: block;      }      @media only screen and (max-width : 320px) {      #bwg_container1_0 #bwg_container2_0 .displaying-num_0 {     \t display: none;      }      }      #bwg_container1_0 #bwg_container2_0 .displaying-num_0 {\t\t\t\tfont-size: 12px;\t\t\t\tfont-family: segoe ui;\t\t\t\tfont-weight: bold;\t\t\t\tcolor: #666666;\t\t\t\tmargin-right: 10px;\t\t\t\tvertical-align: middle;      }      #bwg_container1_0 #bwg_container2_0 .paging-input_0 {\t\t\t\tfont-size: 12px;\t\t\t\tfont-family: segoe ui;\t\t\t\tfont-weight: bold;\t\t\t\tcolor: #666666;\t\t\t\tvertical-align: middle;      }      #bwg_container1_0 #bwg_container2_0 .tablenav-pages_0 a.disabled,      #bwg_container1_0 #bwg_container2_0 .tablenav-pages_0 a.disabled:hover,      #bwg_container1_0 #bwg_container2_0 .tablenav-pages_0 a.disabled:focus,\t\t\t#bwg_container1_0 #bwg_container2_0 .tablenav-pages_0 input.bwg_current_page {\t\t\t\tcursor: default;\t\t\t\tcolor: rgba(102, 102, 102, 0.5);      }      #bwg_container1_0 #bwg_container2_0 .tablenav-pages_0 a,      #bwg_container1_0 #bwg_container2_0 .tablenav-pages_0 input.bwg_current_page {\t\t\t\tcursor: pointer;\t\t\t\ttext-align: center;\t\t\t\tfont-size: 12px;\t\t\t\tfont-family: segoe ui;\t\t\t\tfont-weight: bold;\t\t\t\tcolor: #666666;\t\t\t\ttext-decoration: none;\t\t\t\tpadding: 3px 6px;\t\t\t\tmargin: 0;\t\t\t\tborder-radius: 0;\t\t\t\tborder-style: solid;\t\t\t\tborder-width: 1px;\t\t\t\tborder-color: #E3E3E3;\t\t\t\t\t\t\t\tbackground-color: rgba(255, 255, 255, 1.00);\t\t\t\tbox-shadow: 0;\t\t\t\ttransition: all 0.3s ease 0s;-webkit-transition: all 0.3s ease 0s;      }      <\/style>      <span class=\"bwg_nav_cont_0\">              <div class=\"tablenav-pages_0\">                  <\/div>                <input type=\"hidden\" id=\"page_number_0\" name=\"page_number_0\" value=\"1\" \/>      <script type=\"text\/javascript\">        if( jQuery('.bwg_nav_cont_0').length > 1 ) {          jQuery('.bwg_nav_cont_0').first().remove()        }        function spider_page_0(cur, x, y, load_more) {          if (typeof load_more == \"undefined\") {            var load_more = false;          }          if (jQuery(cur).hasClass('disabled')) {            return false;          }          var items_county_0 = 1;          switch (y) {            case 1:              if (x >= items_county_0) {                document.getElementById('page_number_0').value = items_county_0;              }              else {                document.getElementById('page_number_0').value = x + 1;              }              break;            case 2:              document.getElementById('page_number_0').value = items_county_0;              break;            case -1:              if (x == 1) {                document.getElementById('page_number_0').value = 1;              }              else {                document.getElementById('page_number_0').value = x - 1;              }              break;            case -2:              document.getElementById('page_number_0').value = 1;              break;\t\t\t\t\t\tcase 0:              document.getElementById('page_number_0').value = x;              break;            default:              document.getElementById('page_number_0').value = 1;          }          bwg_ajax('gal_front_form_0', '0', 'bwg_thumbnails_0', '0', '', 'gallery', 0, '', '', load_more, '', 1);        }                    jQuery('.first-page-0').on('click', function () {              spider_page_0(this, 1, -2, 'numeric');              return false;            });            jQuery('.prev-page-0').on('click', function () {              spider_page_0(this, 1, -1, 'numeric');              return false;            });            jQuery('.next-page-0').on('click', function () {              spider_page_0(this, 1, 1, 'numeric');              return false;            });            jQuery('.last-page-0').on('click', function () {              spider_page_0(this, 1, 2, 'numeric');              return false;            });        \t\t\t\t\/* Change page on input enter. *\/        function bwg_change_page_0( e, that ) {          if (  e.key == 'Enter' ) {            var to_page = parseInt(jQuery(that).val());            var pages_count = jQuery(that).parents(\".pagination-links\").data(\"pages-count\");            var current_url_param = jQuery(that).attr('data-url-info');            if (to_page > pages_count) {              to_page = 1;            }\t \t\t\t\t\t\t\t\t\t\t\t\tspider_page_0(this, to_page, 0, 'numeric');\t\t\t\t\t\t\treturn false;\t\t\t\t\t\t          }          return true;        }        jQuery('.bwg_load_btn_0').on('click', function () {            spider_page_0(this, 1, 1, true);            return false;        });      <\/script>      <\/span>                <\/div>        <\/form>        <style>          #bwg_container1_0 #bwg_container2_0 #spider_popup_overlay_0 {          background-color: #000000;          opacity: 0.70;          }          <\/style>        <div id=\"bwg_spider_popup_loading_0\" class=\"bwg_spider_popup_loading\"><\/div>        <div id=\"spider_popup_overlay_0\" class=\"spider_popup_overlay\" onclick=\"spider_destroypopup(1000)\"><\/div>        <input type=\"hidden\" id=\"bwg_random_seed_0\" value=\"1361384825\">                <\/div>    <\/div>    <script>      if (document.readyState === 'complete') {        if( typeof bwg_main_ready == 'function' ) {          if ( jQuery(\"#bwg_container1_0\").height() ) {            bwg_main_ready(jQuery(\"#bwg_container1_0\"));          }        }      } else {        document.addEventListener('DOMContentLoaded', function() {          if( typeof bwg_main_ready == 'function' ) {            if ( jQuery(\"#bwg_container1_0\").height() ) {             bwg_main_ready(jQuery(\"#bwg_container1_0\"));            }          }        });      }    <\/script>    <\/p>\n","protected":false},"excerpt":{"rendered":"<p>Pensier Cournillens Courtepin Var1 (<abbr class='c2c-text-hover' title='Navr\u00e9: cette fonction a \u00e9t\u00e9 supprim\u00e9e par l\u2019h\u00e9bergeur du site. (Touche droite de la souris et cliquer &quot;Enregistrer la cible du lien sous...&quot; suivre. gpx est ainsi disponible pour \u00eatre import\u00e9 par Swissmaponline, Suissemobile ou ouvert avec Mapout ou Openmap etc...)'>fichier gpx<\/abbr>) Distance: 17040m D\u00e9nivellation:\u00a0 328m Dur\u00e9e: 4h15 Photos du 14 novembre 2017, o\u00f9 on voit que le photographe \u00e9tait absent! La descente entre le point 602 et la Crausa est un peu particuli\u00e8re. Apr\u00e8s le passage de la source du ruisseau, bien suivre la lisi\u00e8re des arbres pour tomber en-dessous &hellip; <a href=\"https:\/\/balmardi.ch\/index.php\/pensier-cournillens-courtepin-var1-14-11-2017-an-ni-xa\/\" class=\"more-link\">Continuer la lecture de <span class=\"screen-reader-text\">Pensier Cournillens Courtepin Var1 (14.11.2017: An Ja Mo Ni Xa)<\/span>  <span class=\"meta-nav\">&rarr;<\/span><\/a><\/p>\n","protected":false},"author":1,"featured_media":0,"parent":0,"menu_order":0,"comment_status":"closed","ping_status":"closed","template":"","meta":{"two_page_speed":[],"footnotes":""},"class_list":["post-3985","page","type-page","status-publish","hentry"],"_links":{"self":[{"href":"https:\/\/balmardi.ch\/index.php\/wp-json\/wp\/v2\/pages\/3985","targetHints":{"allow":["GET"]}}],"collection":[{"href":"https:\/\/balmardi.ch\/index.php\/wp-json\/wp\/v2\/pages"}],"about":[{"href":"https:\/\/balmardi.ch\/index.php\/wp-json\/wp\/v2\/types\/page"}],"author":[{"embeddable":true,"href":"https:\/\/balmardi.ch\/index.php\/wp-json\/wp\/v2\/users\/1"}],"replies":[{"embeddable":true,"href":"https:\/\/balmardi.ch\/index.php\/wp-json\/wp\/v2\/comments?post=3985"}],"version-history":[{"count":8,"href":"https:\/\/balmardi.ch\/index.php\/wp-json\/wp\/v2\/pages\/3985\/revisions"}],"predecessor-version":[{"id":6801,"href":"https:\/\/balmardi.ch\/index.php\/wp-json\/wp\/v2\/pages\/3985\/revisions\/6801"}],"wp:attachment":[{"href":"https:\/\/balmardi.ch\/index.php\/wp-json\/wp\/v2\/media?parent=3985"}],"curies":[{"name":"wp","href":"https:\/\/api.w.org\/{rel}","templated":true}]}}