{"id":3603,"date":"2017-09-18T14:58:32","date_gmt":"2017-09-18T13:58:32","guid":{"rendered":"http:\/\/balmardi.ch\/?page_id=3603"},"modified":"2026-01-15T11:49:56","modified_gmt":"2026-01-15T10:49:56","slug":"fribourg-et-environs","status":"publish","type":"page","link":"https:\/\/balmardi.ch\/index.php\/fribourg-et-environs\/","title":{"rendered":"Fribourg et environs"},"content":{"rendered":"\n<h3 class=\"wp-block-heading\">Balades dans la r\u00e9gion de Fribourg<\/h3>\n\n\n\n<p><a href=\"https:\/\/balmardi.ch\/index.php\/avry-chesopelloz-lovens-onnens-rose-04-05-2016-el-hu-ja-ma-mo-ni-ro\/\">Avry Ch\u00e9sopelloz Lovens Onnens Ros\u00e9 (06.07.2021: Long: Hu Jf Ni Xa Yv; Court: El Ja Ma Mi Mr Ro Yo; 04.05.2016: El Hu Ja Ma Mo Ni Ro)<\/a><\/p>\n\n\n\n<p><a href=\"http:\/\/balmardi.ch\/index.php\/avry-corminboeuf-givisiez-belfaux-26-03-2014-an-el-hu-ja-ma-mo-ni-ro\/\">Avry Corminboeuf Givisiez Belfaux (?01.07.2013?: Ni)<\/a><\/p>\n\n\n\n<p><a href=\"https:\/\/balmardi.ch\/index.php\/avry-cottens-lentigny-11-05-2021-ch-ja-jc-jf-ma-mo-mr-ni-ox-ro-xa-yo-yv\/\" data-rich-text-format-boundary=\"true\">Avry Cottens Lentigny (11.05.2021: Ch Ja jc Jf Ma Mo Mr Ni Ox Ro Xa Yo Yv)<\/a><\/p>\n\n\n\n<p><a href=\"https:\/\/balmardi.ch\/\">Avry Givisiez Belfaux (20.05.2025: An Eo Gi Jc Jp Ma Mi Mo Ni No Yv; 23.01.2018: An Jf Ni Xa)<\/a><\/p>\n\n\n\n<p><a href=\"http:\/\/balmardi.ch\/index.php\/avry-givisiez-belfaux-18-09-2018-cl-el-hu-ja-jf-mr-ni-xa-yv\/\">Avry Givisiez Belfaux (18.09.2018: Cl El Hu Ja Jf Mr Ni Xa Yv)<\/a><\/p>\n\n\n\n<p><a href=\"http:\/\/balmardi.ch\/index.php\/avry-givisiez-belfaux-29-12-2020-ch-el-hu-jf-ma-mo-ni-xa-yv\/\">Avry Givisiez Belfaux (29.12.2020: Ch El Hu Jf Ma Mo Ni Xa Yv)<\/a><\/p>\n\n\n\n<p><a href=\"https:\/\/balmardi.ch\/index.php\/avry-neyruz-cottens-lentigny-03-07-2012-an-ed-hu-ni\/\" data-type=\"page\" data-id=\"711\">Avry Neyruz Cottens Lentigny (28.05.2024: An El Eo Gi Hu Ja Jc Jf Ni Ro Sy Yo Yv; 11.07.2017: Hu Ma Mo Ni Xa; 03.07.2012: An Ed Hu Ni)<\/a><\/p>\n\n\n\n<p><a href=\"https:\/\/balmardi.ch\/index.php\/avry-nierlets-belfaux-26-11-2013-el-hu-ma-mo-ni\/\" data-type=\"page\" data-id=\"1063\">Avry Nierlets Belfaux et variantes (22.08.2023: Gi Hu Ja Jf +2 Jm Ku Ma Mo Mr Ni Ro Sy Tr Xa Yv; 31.07.2018: El Hu Jf Mr Ni Xa Yv; 26.11.2013: El Hu Ma Mo Ni)<\/a><\/p>\n\n\n\n<p><a href=\"https:\/\/balmardi.ch\/\">Avry Onnens Cottens Lentigny Corjolens (15.08.2023: El Eo Ch Hu Jf Jm Ml Ni Xa Yv; 24.11.2015: El Hu Ja Jf Ma Ni )<\/a><\/p>\n\n\n\n<p><a href=\"http:\/\/balmardi.ch\/index.php\/belfaux-givisiez-pensier-4h16\/\">Belfaux Givisiez Pensier (21.11.2017: An Hu Ja Jf Mo Ni Ro Sy Xa)<\/a><\/p>\n\n\n\n<p><\/p>\n\n\n\n<p><\/p>\n\n\n<p><a href=\"https:\/\/balmardi.ch\/index.php\/160419_belfaux-grolley-cutterwil-19-04-2016-an-cl-el-hu-ja-ni-ro\/\">Belfaux Grolley Cutterwil (09.05.2023: An Ch El Eo Gi Hu Ja Ma Mi Mo Ni Yv; 19.04.2016: An Cl El Hu Ja Ni Ro)<\/a><\/p>\n\n\n<p><a href=\"https:\/\/balmardi.ch\/index.php\/220215_bourguillon-fribourg-werkhof-10380m-327m-2h51\/\" data-type=\"page\" data-id=\"8600\">Bourguillon Fribourg Werkhof (15.02.2022: An El Gi Hu Ja Ma Mi Mo Ni Ro Xa Yo Yv)<\/a><\/p>\n\n\n\n<p><a href=\"http:\/\/balmardi.ch\/\">Corminboeuf Autafond Lossy Givisiez (30.07.2019: Eo Ja Ma Ml Ni Xa; 26.03.2014: An El Hu Ja Ma Mo Ni Ro)<\/a><\/p>\n\n\n\n<p><a href=\"https:\/\/balmardi.ch\/index.php\/corminboeuf-belfaux-givisiez-13-03-2024-eo-ja-ma-mi-mo-ni\/\" data-type=\"page\" data-id=\"10394\">Corminboeuf Belfaux Givisiez (13.03.2024: Eo Ja Ma Mi Mo Ni)<\/a><\/p>\n\n\n\n<p><a href=\"https:\/\/balmardi.ch\/\" data-type=\"page\" data-id=\"8355\">Fribourg Givisiez (16.11.2021: An El Hu Ja Jf Ma Mo Ni Ox Xa Yo Yu Yv)<\/a><\/p>\n\n\n\n<p><a href=\"http:\/\/balmardi.ch\/index.php\/fribourg-tour-de-26-11-2019-an-ch-el-hu-ja-jf-ma-mo-ni-xa-yv\/\">Fribourg tour de (26.11.2019: An Ch El Hu Ja Jf Ma Mo Ni Xa Yv)<\/a><\/p>\n\n\n\n<p><a href=\"https:\/\/balmardi.ch\/index.php\/fribourg-tour-du-lac-de_perolles-24-10-2023-jf-mo-ni-xa-yv\/\" data-type=\"page\" data-id=\"10095\">Fribourg tour du Lac-de-P\u00e9rolles (24.10.2023: Jf Mo Ni Xa Yv)<\/a><\/p>\n\n\n\n<p><a href=\"http:\/\/balmardi.ch\/\"><span class=\"item-title\">Fribourg visite des fortifications (21.05.2019: El Hu Ja Ma Mo Ni Xa Yv)<\/span><\/a><\/p>\n\n\n\n<p><a href=\"https:\/\/balmardi.ch\/index.php\/grolley-avry-bus-12-10-2021-an-el-hu-ja-jf-ki-ma-mo-ni-ro-yo-yv\/\" data-type=\"URL\">Grolley Avry bus <\/a><a href=\"https:\/\/balmardi.ch\/\" data-type=\"URL\" data-id=\"https:\/\/balmardi.ch\/\">(12.10.2021: An El Hu Ja Jf Ki Ma Mo Ni Ro Yo Yv)<\/a><\/p>\n\n\n\n<p><a href=\"http:\/\/balmardi.ch\/index.php\/grolley-misery-courtepin-sentier-abeilles-01-08-2017-an-hu-je-jm-ma-mo-ni-sy\/\">Grolley Misery Courtepin sentier abeilles (01.08.2017: An Hu Je Jm Ma Mo Ni Sy)<\/a><\/p>\n\n\n\n<p><a href=\"https:\/\/balmardi.ch\/index.php\/marly-bourguillon-pierrafortscha-15-07-2014-el-hu-mo-ni-ro\/\">Marly Bourguillon Pierrafortscha (04.11.2025: An El Hu Ja Jc Jm Ma Mi Mo Ni Yo Yv; 17.04.2018: El Hu Ja Ma Mo Ni Xa Yv; 15.07.2014: El Hu Mo Ni Ro)<\/a><\/p>\n\n\n\n<p><a href=\"https:\/\/balmardi.ch\/\">Marly Ch\u00e9salles Petit-Ependes Crausaz (06.01.2026; 13.04.2021: An Hu JF Ma Mi Mo Mr Ni Ro Xa Yv; 13.01.2015: An El Hu Ja Ma Mo Ni)<\/a><\/p>\n\n\n\n<p><a href=\"http:\/\/balmardi.ch\/index.php\/190312_marly-tentlingen-giffers-12-03-2019-an-el-eo-hu-ma-ni-xa-yv\/\" target=\"_blank\" rel=\"noopener noreferrer\">Marly Tentlingen Giffers (12.03.2019: An El Eo Hu Ma Ni Xa Yv)<\/a><\/p>\n\n\n\n<p><a href=\"https:\/\/balmardi.ch\/\">Marly Tentlingen Giffers (13.08.2025: An Hu Jf Jm Jp Ma Mi Mo Ni Xa)<\/a><\/p>\n\n\n\n<p><a href=\"http:\/\/balmardi.ch\/index.php\/marly-tour-de-28-01-2020-jf-ma-mo-ni-xa\/\">Marly tour de (28.01.2020: Jf Ma Mo Ni Xa)<\/a><\/p>\n\n\n\n<p><a href=\"http:\/\/balmardi.ch\/index.php\/matran-moulin-neuf-vieux-moulin-neyruz\/\">Matran Moulin neuf Neyruz (11.02.2020: Ch Ma Mo Ox Xa Yv; 17.11.2015: An El Ja Ma Ni Ro)<\/a><\/p>\n\n\n\n<p><a href=\"https:\/\/balmardi.ch\/\">Moncor Verdilloud Matran (02.07.2025: El Gi Hu Ja Jc Jf Jm Ma Mi Mo Ni Xa Yv)<\/a><\/p>\n\n\n\n<p><a href=\"https:\/\/balmardi.ch\/index.php\/moulin-neuf-ecuvillens-16-02-2021-hu-ni-yv\/\" data-rich-text-format-boundary=\"true\">Moulin Neuf Ecuvillens (16.02.2021: Ch El Hu Ja Jf Li Ma Mi Mo Mr Ni Ro XA Xe Yo Yu Yv)<\/a><\/p>\n\n\n\n<p><a href=\"https:\/\/balmardi.ch\/index.php\/moulin-neuf-fribourg-marly-hauterive-14-7-2015-el-ja-ni\/\" data-type=\"page\">Moulin Neuf Fribourg Marly Hauterive (15.03.2022 Planafaye Ch\u00e2tillon: Ch El Hu Ja Jf Jc Ma Mi Mo Mr Xa Yv; 24.8.2011 et 14.7.2015: El Ja Ni)<\/a><\/p>\n\n\n\n<p><a href=\"http:\/\/balmardi.ch\/index.php\/moulin-neuf-fribourg-sent-ritter-bourguillon-marly-bois-de-la-glane-01-04-2014-an-el-hu-ma-mo-ni-ro\/\">Moulin neuf Fribourg sent Ritter Bourguillon Marly bois de la Gl\u00e2ne (16.01.2018: An Hu Jf Ni Xa; 01.04.2014: An El Hu Ma Mo Ni Ro)<\/a><\/p>\n\n\n\n<p><a href=\"https:\/\/balmardi.ch\/index.php\/moulin-neuf-avry-corminboeuf-23-04-2019-an-cl-ma-mo-ni-yv\/\">Moulin Neuf Avry Corminboeuf (24.01.2023: Eo Gi Ja Jm Ma Mi Mo Ni Ro Sy Yo Yv; 23.04.2019: An Cl Ma Mo Ni Yv)<\/a><\/p>\n\n\n\n<p><a href=\"https:\/\/balmardi.ch\/\" data-type=\"page\" data-id=\"2006\">Matran Moulin neuf Neyruz (13.01.2026 (Moulin-Neuf Avry Matran): El Hu Ja Jc  Jm Ma Mi Mo Ni Ro Yo Yv; 11.02.2020: Ch Ma Mo Ox Xa Yv; 17.11.2015: An El Ja Ma Ni Ro)<\/a><\/p>\n\n\n\n<p><a href=\"http:\/\/balmardi.ch\/index.php\/190103-noreaz-grolley_autafond-03-01-2019-an-jf-ma-mo-ni-xa-yv-eo\/\">Noreaz Grolley_Autafond (03.01.2019: An Jf Ma Mo Ni Xa Yv Eo)<\/a><\/p>\n\n\n\n\n\n<p><br><\/p>\n\n\n","protected":false},"excerpt":{"rendered":"<p>Balades dans la r\u00e9gion de Fribourg Avry Ch\u00e9sopelloz Lovens Onnens Ros\u00e9 (06.07.2021: Long: Hu Jf Ni Xa Yv; Court: El Ja Ma Mi Mr Ro Yo; 04.05.2016: El Hu Ja Ma Mo Ni Ro) Avry Corminboeuf Givisiez Belfaux (?01.07.2013?: Ni) Avry Cottens Lentigny (11.05.2021: Ch Ja jc Jf Ma Mo Mr Ni Ox Ro Xa &hellip; <a href=\"https:\/\/balmardi.ch\/index.php\/fribourg-et-environs\/\" class=\"more-link\">Continuer la lecture de <span class=\"screen-reader-text\">Fribourg et environs<\/span>  <span class=\"meta-nav\">&rarr;<\/span><\/a><\/p>\n","protected":false},"author":1,"featured_media":0,"parent":0,"menu_order":0,"comment_status":"closed","ping_status":"closed","template":"","meta":{"two_page_speed":[],"footnotes":""},"class_list":["post-3603","page","type-page","status-publish","hentry"],"_links":{"self":[{"href":"https:\/\/balmardi.ch\/index.php\/wp-json\/wp\/v2\/pages\/3603","targetHints":{"allow":["GET"]}}],"collection":[{"href":"https:\/\/balmardi.ch\/index.php\/wp-json\/wp\/v2\/pages"}],"about":[{"href":"https:\/\/balmardi.ch\/index.php\/wp-json\/wp\/v2\/types\/page"}],"author":[{"embeddable":true,"href":"https:\/\/balmardi.ch\/index.php\/wp-json\/wp\/v2\/users\/1"}],"replies":[{"embeddable":true,"href":"https:\/\/balmardi.ch\/index.php\/wp-json\/wp\/v2\/comments?post=3603"}],"version-history":[{"count":77,"href":"https:\/\/balmardi.ch\/index.php\/wp-json\/wp\/v2\/pages\/3603\/revisions"}],"predecessor-version":[{"id":11685,"href":"https:\/\/balmardi.ch\/index.php\/wp-json\/wp\/v2\/pages\/3603\/revisions\/11685"}],"wp:attachment":[{"href":"https:\/\/balmardi.ch\/index.php\/wp-json\/wp\/v2\/media?parent=3603"}],"curies":[{"name":"wp","href":"https:\/\/api.w.org\/{rel}","templated":true}]}}