

{"id":148,"date":"2011-10-18T13:00:28","date_gmt":"2011-10-18T12:00:28","guid":{"rendered":"http:\/\/localhost\/Balmardi\/?page_id=148"},"modified":"2020-09-24T20:37:05","modified_gmt":"2020-09-24T19:37:05","slug":"muhleberg-18-10-2011-el-hu-ni","status":"publish","type":"page","link":"https:\/\/balmardi.ch\/index.php\/muhleberg-18-10-2011-el-hu-ni\/","title":{"rendered":"M\u00fchleberg (18.10.2011: El Hu Ni)"},"content":{"rendered":"<h3 style=\"text-align: center;\"><a href=\"https:\/\/map.schweizmobil.ch\/?lang=fr&amp;showLogin=true&amp;bgLayer=pk&amp;resolution=5&amp;X=586235&amp;Y=202930&amp;trackId=2498110\" target=\"_blank\" rel=\"noopener noreferrer\">M\u00fchleberg \u00e0 partir de Buttenried par<\/a><br \/>\nOberruntigen <a href=\"http:\/\/balmardi.ch\/wp-content\/uploads\/2015\/11\/111018_M\u00fchleberg-15599m-4h10.gpx\">(<abbr class='c2c-text-hover' title='Navr\u00e9: cette fonction a \u00e9t\u00e9 supprim\u00e9e par l\u2019h\u00e9bergeur du site. (Touche droite de la souris et cliquer &quot;Enregistrer la cible du lien sous...&quot; suivre. gpx est ainsi disponible pour \u00eatre import\u00e9 par Swissmaponline, Suissemobile ou ouvert avec Mapout ou Openmap etc...)'>fichier gpx<\/abbr>)<\/a><\/h3>\n<p style=\"text-align: center;\">Distance: 15600m D\u00e9nivellation:429m Dur\u00e9e: 4h10<\/p>\n<div id=\"ShortCode_Div\" style=\"text-align: center;\"><link rel='stylesheet' id='osm-ol3-css-css' href='https:\/\/balmardi.ch\/wp-content\/plugins\/osm\/js\/OL\/10.9.0\/ol.css?ver=6.8.2' media='all' \/>\n<link rel='stylesheet' id='osm-ol3-ext-css-css' href='https:\/\/balmardi.ch\/wp-content\/plugins\/osm\/css\/osm_map_v3.css?ver=6.8.2' media='all' \/>\n<link rel='stylesheet' id='osm-map-css-css' href='https:\/\/balmardi.ch\/wp-content\/plugins\/osm\/css\/osm_map.css?ver=6.8.2' media='all' \/>\n<script src=\"https:\/\/balmardi.ch\/wp-includes\/js\/dist\/vendor\/wp-polyfill.min.js?ver=3.15.0\" id=\"wp-polyfill-js\"><\/script>\n<script src=\"https:\/\/balmardi.ch\/wp-content\/plugins\/osm\/js\/OL\/10.9.0\/ol.js?ver=10.9.0\" id=\"osm-ol3-library-js\"><\/script>\n<script src=\"https:\/\/balmardi.ch\/wp-content\/plugins\/osm\/js\/osm-v3-plugin-lib.js?ver=1.0.0\" id=\"osm-ol3-ext-library-js\"><\/script>\n<script src=\"https:\/\/balmardi.ch\/wp-content\/plugins\/osm\/js\/osm-metabox-events.js?ver=1.0.0\" id=\"osm-ol3-metabox-events-js\"><\/script>\n<script src=\"https:\/\/balmardi.ch\/wp-includes\/js\/jquery\/jquery.min.js?ver=3.7.1\" id=\"jquery-core-js\"><\/script>\n<script src=\"https:\/\/balmardi.ch\/wp-includes\/js\/jquery\/jquery-migrate.min.js?ver=3.4.1\" id=\"jquery-migrate-js\"><\/script>\n<script id=\"osm-map-startup-js-extra\">\nvar translations = {\"openlayer\":\"open layer\",\"openlayerAtStartup\":\"open layer at startup\",\"generateLink\":\"link to this map with opened layers\",\"shortDescription\":\"short description\",\"generatedShortCode\":\"to get a text control link paste this code in your wordpress editor\",\"closeLayer\":\"close layer\",\"cantGenerateLink\":\"put this string in the existing map short code to control this map\"};\n<\/script>\n<script src=\"https:\/\/balmardi.ch\/wp-content\/plugins\/osm\/js\/osm-startup-lib.js?ver=V6.2.5\" id=\"osm-map-startup-js\"><\/script>\n\n        <div id=\"map_ol3js_1\"\n       class=\"osm-map-container undefined\"\n             data-map_name=\"undefined\"\n             data-map=\"map_ol3js_1\"\n             data-autoshow=\"no\"\n             style=\"width:100%;\n                    max-width:100%;\n                    height:450px;\n                    display:block;\n                    overflow:hidden;\n                    border:2px solid grey;\n                    position: relative;\">\n          <div id=\"map_ol3js_1_popup\" class=\"ol-popup\">\n            <a href=\"#\" id=\"map_ol3js_1_popup-closer\" class=\"ol-popup-closer\"><\/a>\n            <div id=\"map_ol3js_1_popup-content\"><\/div>\n          <\/div>\n        <\/div>\n    <script type=\"text\/javascript\">\n\t\t\t  vectorM['map_ol3js_1'] = [];\n\t        \n        var raster = getTileLayer(\"osm\",\"NoKey\");\t\t\t\n\n\t\t\t  var map_ol3js_1 = new ol.Map({\n\t\t\t\tinteractions: ol.interaction.defaults.defaults({mouseWheelZoom:false}),\n\t\t\t\tlayers: [raster],\n\t\t\t\ttarget: \"map_ol3js_1\",\n\t\t\t\tview: new ol.View({\n\t\t\t\t  center: ol.proj.transform([7.275,46.973], \"EPSG:4326\", \"EPSG:3857\"),\n\t\t\t\t  zoom: 14\n\t\t\t\t})\n\t\t\t  });\n\t\t\t  \n    var style_map_ol3js_1_0 = {\n      \"Point\": [new ol.style.Style({\n\n          image: new ol.style.Icon({\n            anchor: [0.5, 41],\n            anchorXUnits: \"fraction\",\n            anchorYUnits: \"pixels\",\n            opacity: 0.75,\n            src: \"https:\/\/balmardi.ch\/wp-content\/plugins\/osm\/icons\/mic_red_pinother_02.png\"\n          })\n      })],\n\n      \"LineString\": [new ol.style.Style({\n        stroke: new ol.style.Stroke({\n          color: \"red\",\n          width: 8\n        })\n      })],\n      \"MultiLineString\": [new ol.style.Style({\n        stroke: new ol.style.Stroke({\n          color: \"red\",\n          width: 4\n        })\n      })]\n    };\n\t\t  var vectorL0 = new ol.layer.Vector({\n\t\t\t\tsource: new ol.source.Vector({\n\t\t\t\turl:\"http:\/\/balmardi.ch\/wp-content\/uploads\/2015\/11\/111018_M\u00fchleberg-15599m-4h10.gpx\",\n\t\t\t\tformat: new ol.format.GPX({\n\t\t\t\t\textractStyles: false\n\t\t\t\t})\n\t\t\t}),\n\t\t\tzIndex: 92,\n\t\t\tstyle: function(feature, resolution) {return style_map_ol3js_1_0[feature.getGeometry().getType()];}\n\t\t  });\n\t\t  map_ol3js_1.addLayer(vectorL0);addControls2Map(map_ol3js_1,0,0,3,0,5,6,7,0,1);\nosm_addPopupClickhandler(map_ol3js_1,  \"map_ol3js_1\"); \nosm_addMouseHover(map_ol3js_1); <\/script><\/div>\n","protected":false},"excerpt":{"rendered":"<p>M\u00fchleberg \u00e0 partir de Buttenried par Oberruntigen (<abbr class='c2c-text-hover' title='Navr\u00e9: cette fonction a \u00e9t\u00e9 supprim\u00e9e par l\u2019h\u00e9bergeur du site. (Touche droite de la souris et cliquer &quot;Enregistrer la cible du lien sous...&quot; suivre. gpx est ainsi disponible pour \u00eatre import\u00e9 par Swissmaponline, Suissemobile ou ouvert avec Mapout ou Openmap etc...)'>fichier gpx<\/abbr>) Distance: 15600m D\u00e9nivellation:429m Dur\u00e9e: 4h10<\/p>\n","protected":false},"author":1,"featured_media":0,"parent":0,"menu_order":0,"comment_status":"closed","ping_status":"open","template":"","meta":{"two_page_speed":[],"footnotes":""},"class_list":["post-148","page","type-page","status-publish","hentry"],"_links":{"self":[{"href":"https:\/\/balmardi.ch\/index.php\/wp-json\/wp\/v2\/pages\/148","targetHints":{"allow":["GET"]}}],"collection":[{"href":"https:\/\/balmardi.ch\/index.php\/wp-json\/wp\/v2\/pages"}],"about":[{"href":"https:\/\/balmardi.ch\/index.php\/wp-json\/wp\/v2\/types\/page"}],"author":[{"embeddable":true,"href":"https:\/\/balmardi.ch\/index.php\/wp-json\/wp\/v2\/users\/1"}],"replies":[{"embeddable":true,"href":"https:\/\/balmardi.ch\/index.php\/wp-json\/wp\/v2\/comments?post=148"}],"version-history":[{"count":37,"href":"https:\/\/balmardi.ch\/index.php\/wp-json\/wp\/v2\/pages\/148\/revisions"}],"predecessor-version":[{"id":6587,"href":"https:\/\/balmardi.ch\/index.php\/wp-json\/wp\/v2\/pages\/148\/revisions\/6587"}],"wp:attachment":[{"href":"https:\/\/balmardi.ch\/index.php\/wp-json\/wp\/v2\/media?parent=148"}],"curies":[{"name":"wp","href":"https:\/\/api.w.org\/{rel}","templated":true}]}}