{"id":11125,"date":"2025-03-11T13:09:00","date_gmt":"2025-03-11T12:09:00","guid":{"rendered":"https:\/\/balmardi.ch\/?page_id=11125"},"modified":"2025-03-12T14:34:38","modified_gmt":"2025-03-12T13:34:38","slug":"drognens-bus-13h27-ursy-11-03-2025-ja-jm-ma-mi-mo-ni-ro-sy-yv","status":"publish","type":"page","link":"https:\/\/balmardi.ch\/index.php\/drognens-bus-13h27-ursy-11-03-2025-ja-jm-ma-mi-mo-ni-ro-sy-yv\/","title":{"rendered":"Drognens bus 13h27 Ursy (11.03.2025: Ja Jm Ma Mi Mo Ni Ro Sy Yv)"},"content":{"rendered":"\n<h3 style=\"text-align: center;\"><a href=\"https:\/\/map.schweizmobil.ch\/?lang=fr&amp;bgLayer=pk&amp;resolution=23.39&amp;photos=yes&amp;logo=yes&amp;season=summer&amp;E=2555549&amp;N=1168056&amp;detours=yes&amp;trackId=1411341514\" target=\"_blank\" rel=\"noopener\">Drognens bus 13h27 Ursy<\/a><\/h3>\n<p style=\"text-align: center;\">Distance: 15770m D\u00e9nivellation: 487m Dur\u00e9e: 4h09<br \/><strong>Photos du 11 mars 2025:<\/strong><br \/><style id=\"bwg-style-0\">    #bwg_container1_0 #bwg_container2_0 .bwg-container-0.bwg-standard-thumbnails {      width: 454px;              justify-content: center;        margin:0 auto !important;              background-color: rgba(255, 255, 255, 0.00);            padding-left: 4px;      padding-top: 4px;      max-width: 100%;            }        #bwg_container1_0 #bwg_container2_0 .bwg-container-0.bwg-standard-thumbnails .bwg-item {    justify-content: flex-start;      max-width: 90px;            width: 90px !important;          }    #bwg_container1_0 #bwg_container2_0 .bwg-container-0.bwg-standard-thumbnails .bwg-item a {       margin-right: 4px;       margin-bottom: 4px;    }    #bwg_container1_0 #bwg_container2_0 .bwg-container-0.bwg-standard-thumbnails .bwg-item0 {      padding: 0px;            background-color:rgba(255,255,255, 0.30);      border: 0px none #CCCCCC;      opacity: 1.00;      border-radius: 0;      box-shadow: 0px 0px 0px #888888;    }    #bwg_container1_0 #bwg_container2_0 .bwg-container-0.bwg-standard-thumbnails .bwg-item1 img {      max-height: none;      max-width: none;      padding: 0 !important;    }        @media only screen and (min-width: 480px) {      #bwg_container1_0 #bwg_container2_0 .bwg-container-0.bwg-standard-thumbnails .bwg-item0 {        transition: all 0.3s ease 0s;-webkit-transition: all 0.3s ease 0s;      }      #bwg_container1_0 #bwg_container2_0 .bwg-container-0.bwg-standard-thumbnails .bwg-item0:hover {        -ms-transform: scale(1.1);        -webkit-transform: scale(1.1);        transform: scale(1.1);      }    }          #bwg_container1_0 #bwg_container2_0 .bwg-container-0.bwg-standard-thumbnails .bwg-item1 {      padding-top: 50%;    }        #bwg_container1_0 #bwg_container2_0 .bwg-container-0.bwg-standard-thumbnails .bwg-title1 {      position: absolute;      top: 0;      z-index: 100;      width: 100%;      height: 100%;      display: flex;      justify-content: center;      align-content: center;      flex-direction: column;      opacity: 0;    }\t      #bwg_container1_0 #bwg_container2_0 .bwg-container-0.bwg-standard-thumbnails .bwg-title2,    #bwg_container1_0 #bwg_container2_0 .bwg-container-0.bwg-standard-thumbnails .bwg-ecommerce2 {      color: #FFFFFF;      font-family: segoe ui;      font-size: 16px;      font-weight: bold;      padding: 2px;      text-shadow: 0px 0px 0px #888888;      max-height: 100%;    }    #bwg_container1_0 #bwg_container2_0 .bwg-container-0.bwg-standard-thumbnails .bwg-thumb-description span {    color: #323A45;    font-family: Ubuntu;    font-size: 12px;    max-height: 100%;    word-wrap: break-word;    }    #bwg_container1_0 #bwg_container2_0 .bwg-container-0.bwg-standard-thumbnails .bwg-play-icon2 {      font-size: 32px;    }    #bwg_container1_0 #bwg_container2_0 .bwg-container-0.bwg-standard-thumbnails .bwg-ecommerce2 {      font-size: 19.2px;      color: #CCCCCC;    }    <\/style>    <div id=\"bwg_container1_0\"         class=\"bwg_container bwg_thumbnail bwg_thumbnails \"         data-right-click-protection=\"0\"         data-bwg=\"0\"         data-scroll=\"0\"         data-gallery-type=\"thumbnails\"         data-gallery-view-type=\"thumbnails\"         data-current-url=\"\/index.php\/wp-json\/wp\/v2\/pages\/11125\"         data-lightbox-url=\"https:\/\/balmardi.ch\/wp-admin\/admin-ajax.php?action=GalleryBox&#038;current_view=0&#038;gallery_id=737&#038;tag=0&#038;theme_id=1&#038;shortcode_id=1403&#038;sort_by=order&#038;order_by=asc&#038;current_url=%2Findex.php%2Fwp-json%2Fwp%2Fv2%2Fpages%2F11125\"         data-gallery-id=\"737\"         data-popup-width=\"800\"         data-popup-height=\"500\"         data-is-album=\"gallery\"         data-buttons-position=\"bottom\">      <div id=\"bwg_container2_0\">             <div id=\"ajax_loading_0\" class=\"bwg_loading_div_1\">      <div class=\"bwg_loading_div_2\">        <div class=\"bwg_loading_div_3\">          <div id=\"loading_div_0\" class=\"bwg_spider_ajax_loading\">          <\/div>        <\/div>      <\/div>    <\/div>            <form id=\"gal_front_form_0\"              class=\"bwg-hidden\"              method=\"post\"              action=\"#\"              data-current=\"0\"              data-shortcode-id=\"1403\"              data-gallery-type=\"thumbnails\"              data-gallery-id=\"737\"              data-tag=\"0\"              data-album-id=\"0\"              data-theme-id=\"1\"              data-ajax-url=\"https:\/\/balmardi.ch\/wp-admin\/admin-ajax.php?action=bwg_frontend_data\">          <div id=\"bwg_container3_0\" class=\"bwg-background bwg-background-0\">                <div data-max-count=\"5\"         data-thumbnail-width=\"90\"         data-bwg=\"0\"         data-gallery-id=\"737\"         data-lightbox-url=\"https:\/\/balmardi.ch\/wp-admin\/admin-ajax.php?action=GalleryBox&amp;current_view=0&amp;gallery_id=737&amp;tag=0&amp;theme_id=1&amp;shortcode_id=1403&amp;sort_by=order&amp;order_by=asc&amp;current_url=%2Findex.php%2Fwp-json%2Fwp%2Fv2%2Fpages%2F11125\"         id=\"bwg_thumbnails_0\"         class=\"bwg-container-0 bwg-thumbnails bwg-standard-thumbnails bwg-container bwg-border-box\">            <div class=\"bwg-item\">        <a class=\"bwg-a  bwg_lightbox\"  data-image-id=\"19734\" href=\"https:\/\/balmardi.ch\/wp-content\/uploads\/photo-gallery\/IMG_3806.jpg?bwg=1741785505\" data-elementor-open-lightbox=\"no\">                <div class=\"bwg-item0 \">          <div class=\"bwg-item1 \">            <div class=\"bwg-item2\">              <img decoding=\"async\" class=\"skip-lazy bwg_standart_thumb_img_0 \"                   data-id=\"19734\"                   data-width=\"225.00\"                   data-height=\"300.00\"                   data-src=\"https:\/\/balmardi.ch\/wp-content\/uploads\/photo-gallery\/thumb\/IMG_3806.jpg?bwg=1741785505\"                   src=\"https:\/\/balmardi.ch\/wp-content\/uploads\/photo-gallery\/thumb\/IMG_3806.jpg?bwg=1741785505\"                   alt=\"D\u00e9part \u00e0 pied de Ursy\"                   title=\"D\u00e9part \u00e0 pied de Ursy\" \/>            <\/div>            <div class=\"\">              <div class=\"bwg-title1\"><div class=\"bwg-title2\">D\u00e9part \u00e0 pied de Ursy<\/div><\/div>                                        <\/div>          <\/div>        <\/div>                        <\/a>              <\/div>            <div class=\"bwg-item\">        <a class=\"bwg-a  bwg_lightbox\"  data-image-id=\"19736\" href=\"https:\/\/balmardi.ch\/wp-content\/uploads\/photo-gallery\/20250311_145011.jpg?bwg=1741785505\" data-elementor-open-lightbox=\"no\">                <div class=\"bwg-item0 \">          <div class=\"bwg-item1 \">            <div class=\"bwg-item2\">              <img decoding=\"async\" class=\"skip-lazy bwg_standart_thumb_img_0 \"                   data-id=\"19736\"                   data-width=\"300.00\"                   data-height=\"300.00\"                   data-src=\"https:\/\/balmardi.ch\/wp-content\/uploads\/photo-gallery\/thumb\/20250311_145011.jpg?bwg=1741785505\"                   src=\"https:\/\/balmardi.ch\/wp-content\/uploads\/photo-gallery\/thumb\/20250311_145011.jpg?bwg=1741785505\"                   alt=\"Le grand copin!\"                   title=\"Le grand copin!\" \/>            <\/div>            <div class=\"\">              <div class=\"bwg-title1\"><div class=\"bwg-title2\">Le grand copin!<\/div><\/div>                                        <\/div>          <\/div>        <\/div>                        <\/a>              <\/div>            <div class=\"bwg-item\">        <a class=\"bwg-a  bwg_lightbox\"  data-image-id=\"19733\" href=\"https:\/\/balmardi.ch\/wp-content\/uploads\/photo-gallery\/20250311_145059.jpg?bwg=1741785505\" data-elementor-open-lightbox=\"no\">                <div class=\"bwg-item0 \">          <div class=\"bwg-item1 \">            <div class=\"bwg-item2\">              <img decoding=\"async\" class=\"skip-lazy bwg_standart_thumb_img_0 \"                   data-id=\"19733\"                   data-width=\"300.00\"                   data-height=\"300.00\"                   data-src=\"https:\/\/balmardi.ch\/wp-content\/uploads\/photo-gallery\/thumb\/20250311_145059.jpg?bwg=1741785505\"                   src=\"https:\/\/balmardi.ch\/wp-content\/uploads\/photo-gallery\/thumb\/20250311_145059.jpg?bwg=1741785505\"                   alt=\"L&#039;\u00e9quipe de copines!\"                   title=\"L&#039;\u00e9quipe de copines!\" \/>            <\/div>            <div class=\"\">              <div class=\"bwg-title1\"><div class=\"bwg-title2\">L'\u00e9quipe de copines!<\/div><\/div>                                        <\/div>          <\/div>        <\/div>                        <\/a>              <\/div>            <div class=\"bwg-item\">        <a class=\"bwg-a  bwg_lightbox\"  data-image-id=\"19740\" href=\"https:\/\/balmardi.ch\/wp-content\/uploads\/photo-gallery\/IMG_3811.jpg?bwg=1741785505\" data-elementor-open-lightbox=\"no\">                <div class=\"bwg-item0 \">          <div class=\"bwg-item1 \">            <div class=\"bwg-item2\">              <img decoding=\"async\" class=\"skip-lazy bwg_standart_thumb_img_0 \"                   data-id=\"19740\"                   data-width=\"300.00\"                   data-height=\"225.00\"                   data-src=\"https:\/\/balmardi.ch\/wp-content\/uploads\/photo-gallery\/thumb\/IMG_3811.jpg?bwg=1741785505\"                   src=\"https:\/\/balmardi.ch\/wp-content\/uploads\/photo-gallery\/thumb\/IMG_3811.jpg?bwg=1741785505\"                   alt=\"Ch\u00e9salles-sur-Moudon\"                   title=\"Ch\u00e9salles-sur-Moudon\" \/>            <\/div>            <div class=\"\">              <div class=\"bwg-title1\"><div class=\"bwg-title2\">Ch\u00e9salles-sur-Moudon<\/div><\/div>                                        <\/div>          <\/div>        <\/div>                        <\/a>              <\/div>            <div class=\"bwg-item\">        <a class=\"bwg-a  bwg_lightbox\"  data-image-id=\"19738\" href=\"https:\/\/balmardi.ch\/wp-content\/uploads\/photo-gallery\/IMG_3812.jpg?bwg=1741785505\" data-elementor-open-lightbox=\"no\">                <div class=\"bwg-item0 \">          <div class=\"bwg-item1 \">            <div class=\"bwg-item2\">              <img decoding=\"async\" class=\"skip-lazy bwg_standart_thumb_img_0 \"                   data-id=\"19738\"                   data-width=\"225.00\"                   data-height=\"300.00\"                   data-src=\"https:\/\/balmardi.ch\/wp-content\/uploads\/photo-gallery\/thumb\/IMG_3812.jpg?bwg=1741785505\"                   src=\"https:\/\/balmardi.ch\/wp-content\/uploads\/photo-gallery\/thumb\/IMG_3812.jpg?bwg=1741785505\"                   alt=\"en route pour Brenles\"                   title=\"en route pour Brenles\" \/>            <\/div>            <div class=\"\">              <div class=\"bwg-title1\"><div class=\"bwg-title2\">en route pour Brenles<\/div><\/div>                                        <\/div>          <\/div>        <\/div>                        <\/a>              <\/div>            <div class=\"bwg-item\">        <a class=\"bwg-a  bwg_lightbox\"  data-image-id=\"19735\" href=\"https:\/\/balmardi.ch\/wp-content\/uploads\/photo-gallery\/20250311_155458.jpg?bwg=1741785505\" data-elementor-open-lightbox=\"no\">                <div class=\"bwg-item0 \">          <div class=\"bwg-item1 \">            <div class=\"bwg-item2\">              <img decoding=\"async\" class=\"skip-lazy bwg_standart_thumb_img_0 \"                   data-id=\"19735\"                   data-width=\"300.00\"                   data-height=\"300.00\"                   data-src=\"https:\/\/balmardi.ch\/wp-content\/uploads\/photo-gallery\/thumb\/20250311_155458.jpg?bwg=1741785505\"                   src=\"https:\/\/balmardi.ch\/wp-content\/uploads\/photo-gallery\/thumb\/20250311_155458.jpg?bwg=1741785505\"                   alt=\"Sur le Ruisseau des Vaux, avant Lovatens\"                   title=\"Sur le Ruisseau des Vaux, avant Lovatens\" \/>            <\/div>            <div class=\"\">              <div class=\"bwg-title1\"><div class=\"bwg-title2\">Sur le Ruisseau des Vaux, avant Lovatens<\/div><\/div>                                        <\/div>          <\/div>        <\/div>                        <\/a>              <\/div>            <div class=\"bwg-item\">        <a class=\"bwg-a  bwg_lightbox\"  data-image-id=\"19742\" href=\"https:\/\/balmardi.ch\/wp-content\/uploads\/photo-gallery\/IMG_3813.jpg?bwg=1741785505\" data-elementor-open-lightbox=\"no\">                <div class=\"bwg-item0 \">          <div class=\"bwg-item1 \">            <div class=\"bwg-item2\">              <img decoding=\"async\" class=\"skip-lazy bwg_standart_thumb_img_0 \"                   data-id=\"19742\"                   data-width=\"225.00\"                   data-height=\"300.00\"                   data-src=\"https:\/\/balmardi.ch\/wp-content\/uploads\/photo-gallery\/thumb\/IMG_3813.jpg?bwg=1741785505\"                   src=\"https:\/\/balmardi.ch\/wp-content\/uploads\/photo-gallery\/thumb\/IMG_3813.jpg?bwg=1741785505\"                   alt=\"?\"                   title=\"?\" \/>            <\/div>            <div class=\"\">              <div class=\"bwg-title1\"><div class=\"bwg-title2\">?<\/div><\/div>                                        <\/div>          <\/div>        <\/div>                        <\/a>              <\/div>            <div class=\"bwg-item\">        <a class=\"bwg-a  bwg_lightbox\"  data-image-id=\"19741\" href=\"https:\/\/balmardi.ch\/wp-content\/uploads\/photo-gallery\/IMG_3820.jpg?bwg=1741785505\" data-elementor-open-lightbox=\"no\">                <div class=\"bwg-item0 \">          <div class=\"bwg-item1 \">            <div class=\"bwg-item2\">              <img decoding=\"async\" class=\"skip-lazy bwg_standart_thumb_img_0 \"                   data-id=\"19741\"                   data-width=\"300.00\"                   data-height=\"225.00\"                   data-src=\"https:\/\/balmardi.ch\/wp-content\/uploads\/photo-gallery\/thumb\/IMG_3820.jpg?bwg=1741785505\"                   src=\"https:\/\/balmardi.ch\/wp-content\/uploads\/photo-gallery\/thumb\/IMG_3820.jpg?bwg=1741785505\"                   alt=\"Les pr\u00e9alpes sont belles\"                   title=\"Les pr\u00e9alpes sont belles\" \/>            <\/div>            <div class=\"\">              <div class=\"bwg-title1\"><div class=\"bwg-title2\">Les pr\u00e9alpes sont belles<\/div><\/div>                                        <\/div>          <\/div>        <\/div>                        <\/a>              <\/div>            <div class=\"bwg-item\">        <a class=\"bwg-a  bwg_lightbox\"  data-image-id=\"19743\" href=\"https:\/\/balmardi.ch\/wp-content\/uploads\/photo-gallery\/IMG_3821.jpg?bwg=1741785505\" data-elementor-open-lightbox=\"no\">                <div class=\"bwg-item0 \">          <div class=\"bwg-item1 \">            <div class=\"bwg-item2\">              <img decoding=\"async\" class=\"skip-lazy bwg_standart_thumb_img_0 \"                   data-id=\"19743\"                   data-width=\"225.00\"                   data-height=\"300.00\"                   data-src=\"https:\/\/balmardi.ch\/wp-content\/uploads\/photo-gallery\/thumb\/IMG_3821.jpg?bwg=1741785505\"                   src=\"https:\/\/balmardi.ch\/wp-content\/uploads\/photo-gallery\/thumb\/IMG_3821.jpg?bwg=1741785505\"                   alt=\"Mat de mesure du vent entre Lovatens et Hennens, sur le haut\"                   title=\"Mat de mesure du vent entre Lovatens et Hennens, sur le haut\" \/>            <\/div>            <div class=\"\">              <div class=\"bwg-title1\"><div class=\"bwg-title2\">Mat de mesure du vent entre Lovatens et Hennens, sur le haut<\/div><\/div>                                        <\/div>          <\/div>        <\/div>                        <\/a>              <\/div>            <div class=\"bwg-item\">        <a class=\"bwg-a  bwg_lightbox\"  data-image-id=\"19731\" href=\"https:\/\/balmardi.ch\/wp-content\/uploads\/photo-gallery\/20250311_165117.jpg?bwg=1741785505\" data-elementor-open-lightbox=\"no\">                <div class=\"bwg-item0 \">          <div class=\"bwg-item1 \">            <div class=\"bwg-item2\">              <img decoding=\"async\" class=\"skip-lazy bwg_standart_thumb_img_0 \"                   data-id=\"19731\"                   data-width=\"300.00\"                   data-height=\"300.00\"                   data-src=\"https:\/\/balmardi.ch\/wp-content\/uploads\/photo-gallery\/thumb\/20250311_165117.jpg?bwg=1741785505\"                   src=\"https:\/\/balmardi.ch\/wp-content\/uploads\/photo-gallery\/thumb\/20250311_165117.jpg?bwg=1741785505\"                   alt=\"Une Chapelle \u00e0 Hennens\"                   title=\"Une Chapelle \u00e0 Hennens\" \/>            <\/div>            <div class=\"\">              <div class=\"bwg-title1\"><div class=\"bwg-title2\">Une Chapelle \u00e0 Hennens<\/div><\/div>                                        <\/div>          <\/div>        <\/div>                        <\/a>              <\/div>            <div class=\"bwg-item\">        <a class=\"bwg-a  bwg_lightbox\"  data-image-id=\"19737\" href=\"https:\/\/balmardi.ch\/wp-content\/uploads\/photo-gallery\/20250311_170205.jpg?bwg=1741785505\" data-elementor-open-lightbox=\"no\">                <div class=\"bwg-item0 \">          <div class=\"bwg-item1 \">            <div class=\"bwg-item2\">              <img decoding=\"async\" class=\"skip-lazy bwg_standart_thumb_img_0 \"                   data-id=\"19737\"                   data-width=\"300.00\"                   data-height=\"300.00\"                   data-src=\"https:\/\/balmardi.ch\/wp-content\/uploads\/photo-gallery\/thumb\/20250311_170205.jpg?bwg=1741785505\"                   src=\"https:\/\/balmardi.ch\/wp-content\/uploads\/photo-gallery\/thumb\/20250311_170205.jpg?bwg=1741785505\"                   alt=\"entre Grand Pra et Ch\u00e9salles, retour \u00e0 Drognens\"                   title=\"entre Grand Pra et Ch\u00e9salles, retour \u00e0 Drognens\" \/>            <\/div>            <div class=\"\">              <div class=\"bwg-title1\"><div class=\"bwg-title2\">entre Grand Pra et Ch\u00e9salles, retour \u00e0 Drognens<\/div><\/div>                                        <\/div>          <\/div>        <\/div>                        <\/a>              <\/div>          <\/div>    <style>      \/*pagination styles*\/      #bwg_container1_0 #bwg_container2_0 .tablenav-pages_0 {\t\t\t\ttext-align: center;\t\t\t\tfont-size: 12px;\t\t\t\tfont-family: segoe ui;\t\t\t\tfont-weight: bold;\t\t\t\tcolor: #666666;\t\t\t\tmargin: 6px 0 4px;\t\t\t\tdisplay: block;      }      @media only screen and (max-width : 320px) {      #bwg_container1_0 #bwg_container2_0 .displaying-num_0 {     \t display: none;      }      }      #bwg_container1_0 #bwg_container2_0 .displaying-num_0 {\t\t\t\tfont-size: 12px;\t\t\t\tfont-family: segoe ui;\t\t\t\tfont-weight: bold;\t\t\t\tcolor: #666666;\t\t\t\tmargin-right: 10px;\t\t\t\tvertical-align: middle;      }      #bwg_container1_0 #bwg_container2_0 .paging-input_0 {\t\t\t\tfont-size: 12px;\t\t\t\tfont-family: segoe ui;\t\t\t\tfont-weight: bold;\t\t\t\tcolor: #666666;\t\t\t\tvertical-align: middle;      }      #bwg_container1_0 #bwg_container2_0 .tablenav-pages_0 a.disabled,      #bwg_container1_0 #bwg_container2_0 .tablenav-pages_0 a.disabled:hover,      #bwg_container1_0 #bwg_container2_0 .tablenav-pages_0 a.disabled:focus,\t\t\t#bwg_container1_0 #bwg_container2_0 .tablenav-pages_0 input.bwg_current_page {\t\t\t\tcursor: default;\t\t\t\tcolor: rgba(102, 102, 102, 0.5);      }      #bwg_container1_0 #bwg_container2_0 .tablenav-pages_0 a,      #bwg_container1_0 #bwg_container2_0 .tablenav-pages_0 input.bwg_current_page {\t\t\t\tcursor: pointer;\t\t\t\ttext-align: center;\t\t\t\tfont-size: 12px;\t\t\t\tfont-family: segoe ui;\t\t\t\tfont-weight: bold;\t\t\t\tcolor: #666666;\t\t\t\ttext-decoration: none;\t\t\t\tpadding: 3px 6px;\t\t\t\tmargin: 0;\t\t\t\tborder-radius: 0;\t\t\t\tborder-style: solid;\t\t\t\tborder-width: 1px;\t\t\t\tborder-color: #E3E3E3;\t\t\t\t\t\t\t\tbackground-color: rgba(255, 255, 255, 1.00);\t\t\t\tbox-shadow: 0;\t\t\t\ttransition: all 0.3s ease 0s;-webkit-transition: all 0.3s ease 0s;      }      <\/style>      <span class=\"bwg_nav_cont_0\">              <div class=\"tablenav-pages_0\">                  <\/div>                <input type=\"hidden\" id=\"page_number_0\" name=\"page_number_0\" value=\"1\" \/>      <script type=\"text\/javascript\">        if( jQuery('.bwg_nav_cont_0').length > 1 ) {          jQuery('.bwg_nav_cont_0').first().remove()        }        function spider_page_0(cur, x, y, load_more) {          if (typeof load_more == \"undefined\") {            var load_more = false;          }          if (jQuery(cur).hasClass('disabled')) {            return false;          }          var items_county_0 = 1;          switch (y) {            case 1:              if (x >= items_county_0) {                document.getElementById('page_number_0').value = items_county_0;              }              else {                document.getElementById('page_number_0').value = x + 1;              }              break;            case 2:              document.getElementById('page_number_0').value = items_county_0;              break;            case -1:              if (x == 1) {                document.getElementById('page_number_0').value = 1;              }              else {                document.getElementById('page_number_0').value = x - 1;              }              break;            case -2:              document.getElementById('page_number_0').value = 1;              break;\t\t\t\t\t\tcase 0:              document.getElementById('page_number_0').value = x;              break;            default:              document.getElementById('page_number_0').value = 1;          }          bwg_ajax('gal_front_form_0', '0', 'bwg_thumbnails_0', '0', '', 'gallery', 0, '', '', load_more, '', 1);        }                    jQuery('.first-page-0').on('click', function () {              spider_page_0(this, 1, -2, 'numeric');              return false;            });            jQuery('.prev-page-0').on('click', function () {              spider_page_0(this, 1, -1, 'numeric');              return false;            });            jQuery('.next-page-0').on('click', function () {              spider_page_0(this, 1, 1, 'numeric');              return false;            });            jQuery('.last-page-0').on('click', function () {              spider_page_0(this, 1, 2, 'numeric');              return false;            });        \t\t\t\t\/* Change page on input enter. *\/        function bwg_change_page_0( e, that ) {          if (  e.key == 'Enter' ) {            var to_page = parseInt(jQuery(that).val());            var pages_count = jQuery(that).parents(\".pagination-links\").data(\"pages-count\");            var current_url_param = jQuery(that).attr('data-url-info');            if (to_page > pages_count) {              to_page = 1;            }\t \t\t\t\t\t\t\t\t\t\t\t\tspider_page_0(this, to_page, 0, 'numeric');\t\t\t\t\t\t\treturn false;\t\t\t\t\t\t          }          return true;        }        jQuery('.bwg_load_btn_0').on('click', function () {            spider_page_0(this, 1, 1, true);            return false;        });      <\/script>      <\/span>                <\/div>        <\/form>        <style>          #bwg_container1_0 #bwg_container2_0 #spider_popup_overlay_0 {          background-color: #000000;          opacity: 0.70;          }          <\/style>        <div id=\"bwg_spider_popup_loading_0\" class=\"bwg_spider_popup_loading\"><\/div>        <div id=\"spider_popup_overlay_0\" class=\"spider_popup_overlay\" onclick=\"spider_destroypopup(1000)\"><\/div>        <input type=\"hidden\" id=\"bwg_random_seed_0\" value=\"1442503673\">                <\/div>    <\/div>    <script>      if (document.readyState === 'complete') {        if( typeof bwg_main_ready == 'function' ) {          if ( jQuery(\"#bwg_container1_0\").height() ) {            bwg_main_ready(jQuery(\"#bwg_container1_0\"));          }        }      } else {        document.addEventListener('DOMContentLoaded', function() {          if( typeof bwg_main_ready == 'function' ) {            if ( jQuery(\"#bwg_container1_0\").height() ) {             bwg_main_ready(jQuery(\"#bwg_container1_0\"));            }          }        });      }    <\/script>    \n<h3 style=\"text-align: center;\"><a href=\"https:\/\/map.schweizmobil.ch\/?lang=fr&amp;bgLayer=pk&amp;resolution=6.86&amp;photos=yes&amp;logo=yes&amp;season=summer&amp;E=2557496&amp;N=1169927&amp;detours=yes&amp;trackId=1661418148\" target=\"_blank\" rel=\"noopener\">Drognens court<\/a><\/h3>\n<p style=\"text-align: center;\">Distance: 8080m D\u00e9nivellation: 160m Dur\u00e9e: 2h02<br \/><strong>Photos du 11 mars 2025:<\/strong> Voir ci-dessus.<\/p>\n","protected":false},"excerpt":{"rendered":"<p>Drognens bus 13h27 Ursy Distance: 15770m D\u00e9nivellation: 487m Dur\u00e9e: 4h09Photos du 11 mars 2025: Drognens court Distance: 8080m D\u00e9nivellation: 160m Dur\u00e9e: 2h02Photos du 11 mars 2025: Voir ci-dessus.<\/p>\n","protected":false},"author":1,"featured_media":0,"parent":0,"menu_order":0,"comment_status":"closed","ping_status":"closed","template":"","meta":{"two_page_speed":[],"footnotes":""},"class_list":["post-11125","page","type-page","status-publish","hentry"],"_links":{"self":[{"href":"https:\/\/balmardi.ch\/index.php\/wp-json\/wp\/v2\/pages\/11125","targetHints":{"allow":["GET"]}}],"collection":[{"href":"https:\/\/balmardi.ch\/index.php\/wp-json\/wp\/v2\/pages"}],"about":[{"href":"https:\/\/balmardi.ch\/index.php\/wp-json\/wp\/v2\/types\/page"}],"author":[{"embeddable":true,"href":"https:\/\/balmardi.ch\/index.php\/wp-json\/wp\/v2\/users\/1"}],"replies":[{"embeddable":true,"href":"https:\/\/balmardi.ch\/index.php\/wp-json\/wp\/v2\/comments?post=11125"}],"version-history":[{"count":3,"href":"https:\/\/balmardi.ch\/index.php\/wp-json\/wp\/v2\/pages\/11125\/revisions"}],"predecessor-version":[{"id":11132,"href":"https:\/\/balmardi.ch\/index.php\/wp-json\/wp\/v2\/pages\/11125\/revisions\/11132"}],"wp:attachment":[{"href":"https:\/\/balmardi.ch\/index.php\/wp-json\/wp\/v2\/media?parent=11125"}],"curies":[{"name":"wp","href":"https:\/\/api.w.org\/{rel}","templated":true}]}}