{"id":1012,"date":"2013-09-19T13:08:58","date_gmt":"2013-09-19T12:08:58","guid":{"rendered":"http:\/\/balmardi.ch\/?page_id=1012"},"modified":"2020-09-25T14:29:44","modified_gmt":"2020-09-25T13:29:44","slug":"echarlens-vuippens-riaz-19-09-2013-an-ed-ma-mo-ni","status":"publish","type":"page","link":"https:\/\/balmardi.ch\/index.php\/echarlens-vuippens-riaz-19-09-2013-an-ed-ma-mo-ni\/","title":{"rendered":"Echarlens Vuippens Riaz (19.09.2013: An Ed Ma Mo Ni)"},"content":{"rendered":"<h3 style=\"text-align: center;\"><a href=\"https:\/\/map.schweizmobil.ch\/?lang=fr&amp;bgLayer=pk&amp;resolution=6.45&amp;E=2572376&amp;N=1166514&amp;season=summer&amp;photos=yes&amp;logo=yes&amp;trackId=4985139\" target=\"_blank\" rel=\"noopener noreferrer\">Echarlens Vuippens Riaz<\/a> <a href=\"http:\/\/balmardi.ch\/wp-content\/uploads\/2015\/08\/130919_Echarlens-Vuippens-Riaz-308.gpx\">(<abbr class='c2c-text-hover' title='Navr\u00e9: cette fonction a \u00e9t\u00e9 supprim\u00e9e par l\u2019h\u00e9bergeur du site. (Touche droite de la souris et cliquer &quot;Enregistrer la cible du lien sous...&quot; suivre. gpx est ainsi disponible pour \u00eatre import\u00e9 par Swissmaponline, Suissemobile ou ouvert avec Mapout ou Openmap etc...)'>fichier gpx<\/abbr>)<\/a><\/h3>\n<p style=\"text-align: center;\">Distance: 12127m D\u00e9nivellation: 278m Dur\u00e9e: 3h04<\/p>\n<p style=\"text-align: center;\">\u00a0<style type=\"text\/css\">.entry, .olMapViewport, img {z-index: 0 !important;}.olControlNoSelect {z-index: 0+1. !important;}.olControlAttribution {z-index: 0+1. !important;}#map_1 {clear: both; padding: 0px; margin: 0px; border: 0px; width: 100%; height: 100%; margin-top:0px; margin-right:0px;margin-left:0px; margin-bottom:0px; left: 0px; border-radius:0px;\nbox-shadow: none;}#map_1 img{clear: both; padding: 0px; margin: 0px; border: 0px; width: 100%; height: 100%; position: absolute; margin-top:0px; margin-right:0px;margin-left:0px; margin-bottom:0px; border-radius:0px;\nbox-shadow: none;}<\/style><div id=\"map_1\" class=\"OSM_Map\" style=\"width:100%; height:450px; overflow:hidden;padding:0px;border:none;\"><script type=\"text\/javascript\">\/* <![CDATA[ *\/(function($) { OpenLayers.ImgPath = \"https:\/\/balmardi.ch\/wp-content\/plugins\/osm\/themes\/ol\/\"; map_1 = new OpenLayers.Map (\"map_1\", {            controls:[              new OpenLayers.Control.Navigation(),              new OpenLayers.Control.PanZoom(),              new OpenLayers.Control.Attribution()              ],          maxExtent: new OpenLayers.Bounds(-20037508.34,-20037508.34,20037508.34,20037508.34),          maxResolution: 156543.0399,          numZoomLevels: 19,          units: \"m\",          projection: new OpenLayers.Projection(\"EPSG:900913\"),          displayProjection: new OpenLayers.Projection(\"EPSG:4326\")      } );var layerMapnik = new OpenLayers.Layer.OSM.Mapnik(\"Mapnik\");var layerCycle  = new OpenLayers.Layer.OSM.CycleMap(\"CycleMap\");map_1.addLayers([layerMapnik, layerCycle]);map_1.addControl(new OpenLayers.Control.LayerSwitcher());map_1.addControl(new OpenLayers.Control.ScaleLine({geodesic: true}));var lonLat = new OpenLayers.LonLat(7.081,46.648).transform(map_1.displayProjection, map_1.projection);map_1.setCenter (lonLat,13);  function osm_map_1onPopupClose(evt) {    select.unselectAll();  }  function osm_map_1onFeatureSelect(event) {    var feature = event.feature;    var content = \"<b>\"+feature.attributes.name + \"<\/b> <br>\" + feature.attributes.description;    if (content.search(\"<script\") != -1) {       content = \"Content contained Javascript! Escaped content below.<br>\" + content.replace(\/<\/g, \"&lt;\");    }    popup = new OpenLayers.Popup.FramedCloud(\"OSM Plugin\",      feature.geometry.getBounds().getCenterLonLat(),        new OpenLayers.Size(200,100),        content,        null, true, osm_map_1onPopupClose);    popup.autoSize = true;    feature.popup = popup;    map_1.addPopup(popup);   }  function osm_map_1onFeatureUnselect(event) {    var feature = event.feature;    if(feature.popup) {      map_1.removePopup(feature.popup);      feature.popup.destroy();      delete feature.popup;    }     }  var lgml = new OpenLayers.Layer.Vector(\"http:\/\/balmardi.ch\/wp-content\/uploads\/2015\/08\/130919_Echarlens-Vuippens-Riaz-308.gpx\",{   strategies: [new OpenLayers.Strategy.Fixed()],\t  protocol: new OpenLayers.Protocol.HTTP({\t   url: \"http:\/\/balmardi.ch\/wp-content\/uploads\/2015\/08\/130919_Echarlens-Vuippens-Riaz-308.gpx\",\t   format: new OpenLayers.Format.GPX()\t  }),    style: {strokeColor: \"red\", strokeWidth: 5, strokeOpacity: 0.5},    projection: new OpenLayers.Projection(\"EPSG:4326\")  });  map_1.addLayer(lgml);var lonLat = new OpenLayers.LonLat(7.081,46.648).transform(map_1.displayProjection, map_1.projection);map_1.setCenter (lonLat,13);})(jQuery)\/* ]]> *\/ <\/script><\/div><\/p>\n","protected":false},"excerpt":{"rendered":"<p>Echarlens Vuippens Riaz (<abbr class='c2c-text-hover' title='Navr\u00e9: cette fonction a \u00e9t\u00e9 supprim\u00e9e par l\u2019h\u00e9bergeur du site. (Touche droite de la souris et cliquer &quot;Enregistrer la cible du lien sous...&quot; suivre. gpx est ainsi disponible pour \u00eatre import\u00e9 par Swissmaponline, Suissemobile ou ouvert avec Mapout ou Openmap etc...)'>fichier gpx<\/abbr>) Distance: 12127m D\u00e9nivellation: 278m Dur\u00e9e: 3h04 \u00a0<\/p>\n","protected":false},"author":1,"featured_media":0,"parent":0,"menu_order":0,"comment_status":"closed","ping_status":"closed","template":"","meta":{"two_page_speed":[],"footnotes":""},"class_list":["post-1012","page","type-page","status-publish","hentry"],"_links":{"self":[{"href":"https:\/\/balmardi.ch\/index.php\/wp-json\/wp\/v2\/pages\/1012","targetHints":{"allow":["GET"]}}],"collection":[{"href":"https:\/\/balmardi.ch\/index.php\/wp-json\/wp\/v2\/pages"}],"about":[{"href":"https:\/\/balmardi.ch\/index.php\/wp-json\/wp\/v2\/types\/page"}],"author":[{"embeddable":true,"href":"https:\/\/balmardi.ch\/index.php\/wp-json\/wp\/v2\/users\/1"}],"replies":[{"embeddable":true,"href":"https:\/\/balmardi.ch\/index.php\/wp-json\/wp\/v2\/comments?post=1012"}],"version-history":[{"count":6,"href":"https:\/\/balmardi.ch\/index.php\/wp-json\/wp\/v2\/pages\/1012\/revisions"}],"predecessor-version":[{"id":6626,"href":"https:\/\/balmardi.ch\/index.php\/wp-json\/wp\/v2\/pages\/1012\/revisions\/6626"}],"wp:attachment":[{"href":"https:\/\/balmardi.ch\/index.php\/wp-json\/wp\/v2\/media?parent=1012"}],"curies":[{"name":"wp","href":"https:\/\/api.w.org\/{rel}","templated":true}]}}